{"id":11694,"date":"2024-12-01T21:38:31","date_gmt":"2024-12-01T18:38:31","guid":{"rendered":"https:\/\/www.protonenerji.com.tr\/%d0%b2%d0%b8%d0%b4%d0%b5%d0%be-%d0%b3%d0%b0%d0%bb%d0%b5%d1%80%d0%b5%d1%8f\/"},"modified":"2024-12-02T19:47:41","modified_gmt":"2024-12-02T16:47:41","slug":"%d0%b2%d0%b8%d0%b4%d0%b5%d0%be-%d0%b3%d0%b0%d0%bb%d0%b5%d1%80%d0%b5%d1%8f","status":"publish","type":"page","link":"https:\/\/www.protonenerji.com.tr\/ru\/%d0%b2%d0%b8%d0%b4%d0%b5%d0%be-%d0%b3%d0%b0%d0%bb%d0%b5%d1%80%d0%b5%d1%8f\/","title":{"rendered":"\u0412\u0438\u0434\u0435\u043e \u0433\u0430\u043b\u0435\u0440\u0435\u044f"},"content":{"rendered":"\t\t<div data-elementor-type=\"wp-page\" data-elementor-id=\"11694\" class=\"elementor elementor-11694 elementor-11417\">\n\t\t\t\t<div class=\"elementor-element elementor-element-190a185 parallaxie e-flex e-con-boxed e-con e-parent\" data-id=\"190a185\" data-element_type=\"container\" data-settings=\"{&quot;background_background&quot;:&quot;video&quot;,&quot;background_video_link&quot;:&quot;https:\\\/\\\/www.protonenerji.com.tr\\\/wp-content\\\/uploads\\\/2024\\\/10\\\/proton-slayt.mp4&quot;,&quot;background_play_on_mobile&quot;:&quot;yes&quot;}\">\n\t\t\t\t\t<div class=\"e-con-inner\">\n\t\t<div class=\"elementor-background-video-container\">\n\t\t\t\t\t\t\t<video class=\"elementor-background-video-hosted\" autoplay muted playsinline loop><\/video>\n\t\t\t\t\t<\/div><div class=\"elementor-element elementor-element-4dbf025 e-con-full e-flex e-con e-child\" data-id=\"4dbf025\" data-element_type=\"container\">\n\t\t\t\t<div class=\"elementor-element elementor-element-644d226 solor-heading-animation solor-animation-heading-style-2 elementor-widget elementor-widget-heading\" data-id=\"644d226\" data-element_type=\"widget\" data-settings=\"{&quot;ekit_we_effect_on&quot;:&quot;none&quot;}\" data-widget_type=\"heading.default\">\n\t\t\t\t<div class=\"elementor-widget-container\">\n\t\t\t\t\t<h1 class=\"elementor-heading-title elementor-size-default\">\u0412\u0438\u0434\u0435\u043e \u0433\u0430\u043b\u0435\u0440\u0435\u044f<\/h1>\t\t\t\t<\/div>\n\t\t\t\t<\/div>\n\t\t\t\t<div class=\"elementor-element elementor-element-b14ea8c elementor-invisible elementor-widget elementor-widget-elementskit-breadcrumb\" data-id=\"b14ea8c\" data-element_type=\"widget\" data-settings=\"{&quot;_animation&quot;:&quot;fadeInUp&quot;,&quot;ekit_we_effect_on&quot;:&quot;none&quot;}\" data-widget_type=\"elementskit-breadcrumb.default\">\n\t\t\t\t<div class=\"elementor-widget-container\">\n\t\t\t\t\t<div class=\"ekit-wid-con\" ><ol class=\"ekit-breadcrumb\"><li class=\"ekit_breadcrumbs_start\"><a href=\"https:\/\/www.protonenerji.com.tr\/ru\/\">\u0413\u043b\u0430\u0432\u043d\u0430\u044f<\/a><\/li><\/ol><\/div>\t\t\t\t<\/div>\n\t\t\t\t<\/div>\n\t\t\t\t<\/div>\n\t\t\t\t\t<\/div>\n\t\t\t\t<\/div>\n\t\t<div class=\"elementor-element elementor-element-72fb7a1 e-grid e-con-boxed e-con e-parent\" data-id=\"72fb7a1\" data-element_type=\"container\">\n\t\t\t\t\t<div class=\"e-con-inner\">\n\t\t\t\t<div class=\"elementor-element elementor-element-ee2bcee elementor-widget elementor-widget-video\" data-id=\"ee2bcee\" data-element_type=\"widget\" data-settings=\"{&quot;video_type&quot;:&quot;hosted&quot;,&quot;controls&quot;:&quot;yes&quot;,&quot;ekit_we_effect_on&quot;:&quot;none&quot;}\" data-widget_type=\"video.default\">\n\t\t\t\t<div class=\"elementor-widget-container\">\n\t\t\t\t\t\t\t<div class=\"e-hosted-video elementor-wrapper elementor-open-inline\">\n\t\t\t\t\t<video class=\"elementor-video\" src=\"https:\/\/www.protonenerji.com.tr\/wp-content\/uploads\/2024\/12\/1.mp4\" controls=\"\" preload=\"metadata\" controlsList=\"nodownload\"><\/video>\n\t\t\t\t<\/div>\n\t\t\t\t\t\t<\/div>\n\t\t\t\t<\/div>\n\t\t\t\t<div class=\"elementor-element elementor-element-e39b43f elementor-widget elementor-widget-video\" data-id=\"e39b43f\" data-element_type=\"widget\" data-settings=\"{&quot;video_type&quot;:&quot;hosted&quot;,&quot;controls&quot;:&quot;yes&quot;,&quot;ekit_we_effect_on&quot;:&quot;none&quot;}\" data-widget_type=\"video.default\">\n\t\t\t\t<div class=\"elementor-widget-container\">\n\t\t\t\t\t\t\t<div class=\"e-hosted-video elementor-wrapper elementor-open-inline\">\n\t\t\t\t\t<video class=\"elementor-video\" src=\"https:\/\/www.protonenerji.com.tr\/wp-content\/uploads\/2024\/12\/2.mp4\" controls=\"\" preload=\"metadata\" controlsList=\"nodownload\"><\/video>\n\t\t\t\t<\/div>\n\t\t\t\t\t\t<\/div>\n\t\t\t\t<\/div>\n\t\t\t\t<div class=\"elementor-element elementor-element-e70404c elementor-widget elementor-widget-video\" data-id=\"e70404c\" data-element_type=\"widget\" data-settings=\"{&quot;video_type&quot;:&quot;hosted&quot;,&quot;controls&quot;:&quot;yes&quot;,&quot;ekit_we_effect_on&quot;:&quot;none&quot;}\" data-widget_type=\"video.default\">\n\t\t\t\t<div class=\"elementor-widget-container\">\n\t\t\t\t\t\t\t<div class=\"e-hosted-video elementor-wrapper elementor-open-inline\">\n\t\t\t\t\t<video class=\"elementor-video\" src=\"https:\/\/www.protonenerji.com.tr\/wp-content\/uploads\/2024\/12\/3.mp4\" controls=\"\" preload=\"metadata\" controlsList=\"nodownload\"><\/video>\n\t\t\t\t<\/div>\n\t\t\t\t\t\t<\/div>\n\t\t\t\t<\/div>\n\t\t\t\t<div class=\"elementor-element elementor-element-6e878f6 elementor-widget elementor-widget-video\" data-id=\"6e878f6\" data-element_type=\"widget\" data-settings=\"{&quot;video_type&quot;:&quot;hosted&quot;,&quot;controls&quot;:&quot;yes&quot;,&quot;ekit_we_effect_on&quot;:&quot;none&quot;}\" data-widget_type=\"video.default\">\n\t\t\t\t<div class=\"elementor-widget-container\">\n\t\t\t\t\t\t\t<div class=\"e-hosted-video elementor-wrapper elementor-open-inline\">\n\t\t\t\t\t<video class=\"elementor-video\" src=\"https:\/\/www.protonenerji.com.tr\/wp-content\/uploads\/2024\/12\/4.mp4\" controls=\"\" preload=\"metadata\" controlsList=\"nodownload\"><\/video>\n\t\t\t\t<\/div>\n\t\t\t\t\t\t<\/div>\n\t\t\t\t<\/div>\n\t\t\t\t<div class=\"elementor-element elementor-element-4b31418 elementor-widget elementor-widget-video\" data-id=\"4b31418\" data-element_type=\"widget\" data-settings=\"{&quot;video_type&quot;:&quot;hosted&quot;,&quot;controls&quot;:&quot;yes&quot;,&quot;ekit_we_effect_on&quot;:&quot;none&quot;}\" data-widget_type=\"video.default\">\n\t\t\t\t<div class=\"elementor-widget-container\">\n\t\t\t\t\t\t\t<div class=\"e-hosted-video elementor-wrapper elementor-open-inline\">\n\t\t\t\t\t<video class=\"elementor-video\" src=\"https:\/\/www.protonenerji.com.tr\/wp-content\/uploads\/2024\/12\/5.mp4\" controls=\"\" preload=\"metadata\" controlsList=\"nodownload\"><\/video>\n\t\t\t\t<\/div>\n\t\t\t\t\t\t<\/div>\n\t\t\t\t<\/div>\n\t\t\t\t<div class=\"elementor-element elementor-element-4c74ffe elementor-widget elementor-widget-video\" data-id=\"4c74ffe\" data-element_type=\"widget\" data-settings=\"{&quot;video_type&quot;:&quot;hosted&quot;,&quot;controls&quot;:&quot;yes&quot;,&quot;ekit_we_effect_on&quot;:&quot;none&quot;}\" data-widget_type=\"video.default\">\n\t\t\t\t<div class=\"elementor-widget-container\">\n\t\t\t\t\t\t\t<div class=\"e-hosted-video elementor-wrapper elementor-open-inline\">\n\t\t\t\t\t<video class=\"elementor-video\" src=\"https:\/\/www.protonenerji.com.tr\/wp-content\/uploads\/2024\/12\/6.mp4\" controls=\"\" preload=\"metadata\" controlsList=\"nodownload\"><\/video>\n\t\t\t\t<\/div>\n\t\t\t\t\t\t<\/div>\n\t\t\t\t<\/div>\n\t\t\t\t\t<\/div>\n\t\t\t\t<\/div>\n\t\t\t\t<\/div>\n\t\t","protected":false},"excerpt":{"rendered":"<p>\u0412\u0438\u0434\u0435\u043e \u0433\u0430\u043b\u0435\u0440\u0435\u044f Home https:\/\/www.protonenerji.com.tr\/wp-content\/uploads\/2024\/12\/1.mp4https:\/\/www.protonenerji.com.tr\/wp-content\/uploads\/2024\/12\/2.mp4https:\/\/www.protonenerji.com.tr\/wp-content\/uploads\/2024\/12\/3.mp4https:\/\/www.protonenerji.com.tr\/wp-content\/uploads\/2024\/12\/4.mp4https:\/\/www.protonenerji.com.tr\/wp-content\/uploads\/2024\/12\/5.mp4https:\/\/www.protonenerji.com.tr\/wp-content\/uploads\/2024\/12\/6.mp4<\/p>\n","protected":false},"author":1,"featured_media":0,"parent":0,"menu_order":0,"comment_status":"closed","ping_status":"closed","template":"elementor_header_footer","meta":{"footnotes":""},"class_list":["post-11694","page","type-page","status-publish","hentry"],"yoast_head":"<!-- This site is optimized with the Yoast SEO plugin v25.4 - https:\/\/yoast.com\/wordpress\/plugins\/seo\/ -->\n<title>Asans\u00f6r montaj\u0131 Ankara, Asans\u00f6r bak\u0131m servisi ankara<\/title>\n<meta name=\"description\" content=\"\u041e\u0445\u0440\u0430\u043d\u0430 \u0442\u0440\u0443\u0434\u0430 \u0438 \u0442\u0435\u0445\u043d\u0438\u043a\u0430 \u0431\u0435\u0437\u043e\u043f\u0430\u0441\u043d\u043e\u0441\u0442\u0438\" \/>\n<meta name=\"robots\" content=\"index, follow, max-snippet:-1, max-image-preview:large, max-video-preview:-1\" \/>\n<link rel=\"canonical\" href=\"https:\/\/www.protonenerji.com.tr\/ru\/%d0%b2%d0%b8%d0%b4%d0%b5%d0%be-%d0%b3%d0%b0%d0%bb%d0%b5%d1%80%d0%b5%d1%8f\/\" \/>\n<meta property=\"og:locale\" content=\"ru_RU\" \/>\n<meta property=\"og:type\" content=\"article\" \/>\n<meta property=\"og:title\" content=\"Asans\u00f6r montaj\u0131 Ankara, Asans\u00f6r bak\u0131m servisi ankara\" \/>\n<meta property=\"og:description\" content=\"\u041e\u0445\u0440\u0430\u043d\u0430 \u0442\u0440\u0443\u0434\u0430 \u0438 \u0442\u0435\u0445\u043d\u0438\u043a\u0430 \u0431\u0435\u0437\u043e\u043f\u0430\u0441\u043d\u043e\u0441\u0442\u0438\" \/>\n<meta property=\"og:url\" content=\"https:\/\/www.protonenerji.com.tr\/ru\/%d0%b2%d0%b8%d0%b4%d0%b5%d0%be-%d0%b3%d0%b0%d0%bb%d0%b5%d1%80%d0%b5%d1%8f\/\" \/>\n<meta property=\"og:site_name\" content=\"Proton Enerji\" \/>\n<meta property=\"article:publisher\" content=\"https:\/\/www.facebook.com\/search\/top?q=aydos%20asans%c3%b6r\" \/>\n<meta property=\"article:modified_time\" content=\"2024-12-02T16:47:41+00:00\" \/>\n<meta name=\"twitter:card\" content=\"summary_large_image\" \/>\n<script type=\"application\/ld+json\" class=\"yoast-schema-graph\">{\"@context\":\"https:\/\/schema.org\",\"@graph\":[{\"@type\":\"WebPage\",\"@id\":\"https:\/\/www.protonenerji.com.tr\/ru\/%d0%b2%d0%b8%d0%b4%d0%b5%d0%be-%d0%b3%d0%b0%d0%bb%d0%b5%d1%80%d0%b5%d1%8f\/\",\"url\":\"https:\/\/www.protonenerji.com.tr\/ru\/%d0%b2%d0%b8%d0%b4%d0%b5%d0%be-%d0%b3%d0%b0%d0%bb%d0%b5%d1%80%d0%b5%d1%8f\/\",\"name\":\"Asans\u00f6r montaj\u0131 Ankara, Asans\u00f6r bak\u0131m servisi ankara\",\"isPartOf\":{\"@id\":\"https:\/\/www.protonenerji.com.tr\/ru\/#website\"},\"datePublished\":\"2024-12-01T18:38:31+00:00\",\"dateModified\":\"2024-12-02T16:47:41+00:00\",\"description\":\"\u041e\u0445\u0440\u0430\u043d\u0430 \u0442\u0440\u0443\u0434\u0430 \u0438 \u0442\u0435\u0445\u043d\u0438\u043a\u0430 \u0431\u0435\u0437\u043e\u043f\u0430\u0441\u043d\u043e\u0441\u0442\u0438\",\"breadcrumb\":{\"@id\":\"https:\/\/www.protonenerji.com.tr\/ru\/%d0%b2%d0%b8%d0%b4%d0%b5%d0%be-%d0%b3%d0%b0%d0%bb%d0%b5%d1%80%d0%b5%d1%8f\/#breadcrumb\"},\"inLanguage\":\"ru-RU\",\"potentialAction\":[{\"@type\":\"ReadAction\",\"target\":[\"https:\/\/www.protonenerji.com.tr\/ru\/%d0%b2%d0%b8%d0%b4%d0%b5%d0%be-%d0%b3%d0%b0%d0%bb%d0%b5%d1%80%d0%b5%d1%8f\/\"]}]},{\"@type\":\"BreadcrumbList\",\"@id\":\"https:\/\/www.protonenerji.com.tr\/ru\/%d0%b2%d0%b8%d0%b4%d0%b5%d0%be-%d0%b3%d0%b0%d0%bb%d0%b5%d1%80%d0%b5%d1%8f\/#breadcrumb\",\"itemListElement\":[{\"@type\":\"ListItem\",\"position\":1,\"name\":\"Anasayfa\",\"item\":\"https:\/\/www.protonenerji.com.tr\/ru\/\"},{\"@type\":\"ListItem\",\"position\":2,\"name\":\"\u0412\u0438\u0434\u0435\u043e \u0433\u0430\u043b\u0435\u0440\u0435\u044f\"}]},{\"@type\":\"WebSite\",\"@id\":\"https:\/\/www.protonenerji.com.tr\/ru\/#website\",\"url\":\"https:\/\/www.protonenerji.com.tr\/ru\/\",\"name\":\"Proton Enerji\",\"description\":\"Enerji | Telekom\u00fcnikasyon | Ayd\u0131nlatma ve Ula\u015f\u0131m | Yenilenebilir Enerji\",\"publisher\":{\"@id\":\"https:\/\/www.protonenerji.com.tr\/ru\/#organization\"},\"potentialAction\":[{\"@type\":\"SearchAction\",\"target\":{\"@type\":\"EntryPoint\",\"urlTemplate\":\"https:\/\/www.protonenerji.com.tr\/ru\/?s={search_term_string}\"},\"query-input\":{\"@type\":\"PropertyValueSpecification\",\"valueRequired\":true,\"valueName\":\"search_term_string\"}}],\"inLanguage\":\"ru-RU\"},{\"@type\":\"Organization\",\"@id\":\"https:\/\/www.protonenerji.com.tr\/ru\/#organization\",\"name\":\"Aydos Asans\u00f6r Montaj ve Bak\u0131m Servisi\",\"url\":\"https:\/\/www.protonenerji.com.tr\/ru\/\",\"logo\":{\"@type\":\"ImageObject\",\"inLanguage\":\"ru-RU\",\"@id\":\"https:\/\/www.protonenerji.com.tr\/ru\/#\/schema\/logo\/image\/\",\"url\":\"https:\/\/www.protonenerji.com.tr\/wp-content\/uploads\/2021\/10\/aydos-asansor-beyaz.png\",\"contentUrl\":\"https:\/\/www.protonenerji.com.tr\/wp-content\/uploads\/2021\/10\/aydos-asansor-beyaz.png\",\"width\":954,\"height\":319,\"caption\":\"Aydos Asans\u00f6r Montaj ve Bak\u0131m Servisi\"},\"image\":{\"@id\":\"https:\/\/www.protonenerji.com.tr\/ru\/#\/schema\/logo\/image\/\"},\"sameAs\":[\"https:\/\/www.facebook.com\/search\/top?q=aydos asans\u00f6r\"]}]}<\/script>\n<!-- \/ Yoast SEO plugin. -->","yoast_head_json":{"title":"Asans\u00f6r montaj\u0131 Ankara, Asans\u00f6r bak\u0131m servisi ankara","description":"\u041e\u0445\u0440\u0430\u043d\u0430 \u0442\u0440\u0443\u0434\u0430 \u0438 \u0442\u0435\u0445\u043d\u0438\u043a\u0430 \u0431\u0435\u0437\u043e\u043f\u0430\u0441\u043d\u043e\u0441\u0442\u0438","robots":{"index":"index","follow":"follow","max-snippet":"max-snippet:-1","max-image-preview":"max-image-preview:large","max-video-preview":"max-video-preview:-1"},"canonical":"https:\/\/www.protonenerji.com.tr\/ru\/%d0%b2%d0%b8%d0%b4%d0%b5%d0%be-%d0%b3%d0%b0%d0%bb%d0%b5%d1%80%d0%b5%d1%8f\/","og_locale":"ru_RU","og_type":"article","og_title":"Asans\u00f6r montaj\u0131 Ankara, Asans\u00f6r bak\u0131m servisi ankara","og_description":"\u041e\u0445\u0440\u0430\u043d\u0430 \u0442\u0440\u0443\u0434\u0430 \u0438 \u0442\u0435\u0445\u043d\u0438\u043a\u0430 \u0431\u0435\u0437\u043e\u043f\u0430\u0441\u043d\u043e\u0441\u0442\u0438","og_url":"https:\/\/www.protonenerji.com.tr\/ru\/%d0%b2%d0%b8%d0%b4%d0%b5%d0%be-%d0%b3%d0%b0%d0%bb%d0%b5%d1%80%d0%b5%d1%8f\/","og_site_name":"Proton Enerji","article_publisher":"https:\/\/www.facebook.com\/search\/top?q=aydos%20asans%c3%b6r","article_modified_time":"2024-12-02T16:47:41+00:00","twitter_card":"summary_large_image","schema":{"@context":"https:\/\/schema.org","@graph":[{"@type":"WebPage","@id":"https:\/\/www.protonenerji.com.tr\/ru\/%d0%b2%d0%b8%d0%b4%d0%b5%d0%be-%d0%b3%d0%b0%d0%bb%d0%b5%d1%80%d0%b5%d1%8f\/","url":"https:\/\/www.protonenerji.com.tr\/ru\/%d0%b2%d0%b8%d0%b4%d0%b5%d0%be-%d0%b3%d0%b0%d0%bb%d0%b5%d1%80%d0%b5%d1%8f\/","name":"Asans\u00f6r montaj\u0131 Ankara, Asans\u00f6r bak\u0131m servisi ankara","isPartOf":{"@id":"https:\/\/www.protonenerji.com.tr\/ru\/#website"},"datePublished":"2024-12-01T18:38:31+00:00","dateModified":"2024-12-02T16:47:41+00:00","description":"\u041e\u0445\u0440\u0430\u043d\u0430 \u0442\u0440\u0443\u0434\u0430 \u0438 \u0442\u0435\u0445\u043d\u0438\u043a\u0430 \u0431\u0435\u0437\u043e\u043f\u0430\u0441\u043d\u043e\u0441\u0442\u0438","breadcrumb":{"@id":"https:\/\/www.protonenerji.com.tr\/ru\/%d0%b2%d0%b8%d0%b4%d0%b5%d0%be-%d0%b3%d0%b0%d0%bb%d0%b5%d1%80%d0%b5%d1%8f\/#breadcrumb"},"inLanguage":"ru-RU","potentialAction":[{"@type":"ReadAction","target":["https:\/\/www.protonenerji.com.tr\/ru\/%d0%b2%d0%b8%d0%b4%d0%b5%d0%be-%d0%b3%d0%b0%d0%bb%d0%b5%d1%80%d0%b5%d1%8f\/"]}]},{"@type":"BreadcrumbList","@id":"https:\/\/www.protonenerji.com.tr\/ru\/%d0%b2%d0%b8%d0%b4%d0%b5%d0%be-%d0%b3%d0%b0%d0%bb%d0%b5%d1%80%d0%b5%d1%8f\/#breadcrumb","itemListElement":[{"@type":"ListItem","position":1,"name":"Anasayfa","item":"https:\/\/www.protonenerji.com.tr\/ru\/"},{"@type":"ListItem","position":2,"name":"\u0412\u0438\u0434\u0435\u043e \u0433\u0430\u043b\u0435\u0440\u0435\u044f"}]},{"@type":"WebSite","@id":"https:\/\/www.protonenerji.com.tr\/ru\/#website","url":"https:\/\/www.protonenerji.com.tr\/ru\/","name":"Proton Enerji","description":"Enerji | Telekom\u00fcnikasyon | Ayd\u0131nlatma ve Ula\u015f\u0131m | Yenilenebilir Enerji","publisher":{"@id":"https:\/\/www.protonenerji.com.tr\/ru\/#organization"},"potentialAction":[{"@type":"SearchAction","target":{"@type":"EntryPoint","urlTemplate":"https:\/\/www.protonenerji.com.tr\/ru\/?s={search_term_string}"},"query-input":{"@type":"PropertyValueSpecification","valueRequired":true,"valueName":"search_term_string"}}],"inLanguage":"ru-RU"},{"@type":"Organization","@id":"https:\/\/www.protonenerji.com.tr\/ru\/#organization","name":"Aydos Asans\u00f6r Montaj ve Bak\u0131m Servisi","url":"https:\/\/www.protonenerji.com.tr\/ru\/","logo":{"@type":"ImageObject","inLanguage":"ru-RU","@id":"https:\/\/www.protonenerji.com.tr\/ru\/#\/schema\/logo\/image\/","url":"https:\/\/www.protonenerji.com.tr\/wp-content\/uploads\/2021\/10\/aydos-asansor-beyaz.png","contentUrl":"https:\/\/www.protonenerji.com.tr\/wp-content\/uploads\/2021\/10\/aydos-asansor-beyaz.png","width":954,"height":319,"caption":"Aydos Asans\u00f6r Montaj ve Bak\u0131m Servisi"},"image":{"@id":"https:\/\/www.protonenerji.com.tr\/ru\/#\/schema\/logo\/image\/"},"sameAs":["https:\/\/www.facebook.com\/search\/top?q=aydos asans\u00f6r"]}]}},"_links":{"self":[{"href":"https:\/\/www.protonenerji.com.tr\/ru\/wp-json\/wp\/v2\/pages\/11694","targetHints":{"allow":["GET"]}}],"collection":[{"href":"https:\/\/www.protonenerji.com.tr\/ru\/wp-json\/wp\/v2\/pages"}],"about":[{"href":"https:\/\/www.protonenerji.com.tr\/ru\/wp-json\/wp\/v2\/types\/page"}],"author":[{"embeddable":true,"href":"https:\/\/www.protonenerji.com.tr\/ru\/wp-json\/wp\/v2\/users\/1"}],"replies":[{"embeddable":true,"href":"https:\/\/www.protonenerji.com.tr\/ru\/wp-json\/wp\/v2\/comments?post=11694"}],"version-history":[{"count":3,"href":"https:\/\/www.protonenerji.com.tr\/ru\/wp-json\/wp\/v2\/pages\/11694\/revisions"}],"predecessor-version":[{"id":11697,"href":"https:\/\/www.protonenerji.com.tr\/ru\/wp-json\/wp\/v2\/pages\/11694\/revisions\/11697"}],"wp:attachment":[{"href":"https:\/\/www.protonenerji.com.tr\/ru\/wp-json\/wp\/v2\/media?parent=11694"}],"curies":[{"name":"wp","href":"https:\/\/api.w.org\/{rel}","templated":true}]}}