{"id":10911,"date":"2023-08-12T12:06:24","date_gmt":"2023-08-12T09:06:24","guid":{"rendered":"https:\/\/www.protonenerji.com.tr\/%d0%bd%d0%b0%d1%88%d0%b8-%d1%80%d0%b5%d0%ba%d0%be%d0%bc%d0%b5%d0%bd%d0%b4%d0%b0%d1%86%d0%b8%d0%b8\/"},"modified":"2024-10-23T23:34:53","modified_gmt":"2024-10-23T20:34:53","slug":"%d0%bd%d0%b0%d1%88%d0%b8-%d1%80%d0%b5%d0%ba%d0%be%d0%bc%d0%b5%d0%bd%d0%b4%d0%b0%d1%86%d0%b8%d0%b8","status":"publish","type":"page","link":"https:\/\/www.protonenerji.com.tr\/ru\/%d0%bd%d0%b0%d1%88%d0%b8-%d1%80%d0%b5%d0%ba%d0%be%d0%bc%d0%b5%d0%bd%d0%b4%d0%b0%d1%86%d0%b8%d0%b8\/","title":{"rendered":"\u041d\u0430\u0448\u0438 \u0440\u0435\u043a\u043e\u043c\u0435\u043d\u0434\u0430\u0446\u0438\u0438"},"content":{"rendered":"\t\t<div data-elementor-type=\"wp-page\" data-elementor-id=\"10911\" class=\"elementor elementor-10911 elementor-2352\">\n\t\t\t\t\t\t<section class=\"elementor-section elementor-top-section elementor-element elementor-element-610bcdd elementor-section-boxed elementor-section-height-default elementor-section-height-default\" data-id=\"610bcdd\" data-element_type=\"section\">\n\t\t\t\t\t\t<div class=\"elementor-container elementor-column-gap-default\">\n\t\t\t\t\t<div class=\"elementor-column elementor-col-50 elementor-top-column elementor-element elementor-element-a76fc19\" data-id=\"a76fc19\" data-element_type=\"column\">\n\t\t\t<div class=\"elementor-widget-wrap\">\n\t\t\t\t\t\t\t<\/div>\n\t\t<\/div>\n\t\t\t\t<div class=\"elementor-column elementor-col-50 elementor-top-column elementor-element elementor-element-53f534b\" data-id=\"53f534b\" data-element_type=\"column\">\n\t\t\t<div class=\"elementor-widget-wrap elementor-element-populated\">\n\t\t\t\t\t\t<div class=\"elementor-element elementor-element-7fb8fa9 solor-image-animation solor-animation-image-none elementor-widget elementor-widget-image\" data-id=\"7fb8fa9\" data-element_type=\"widget\" data-settings=\"{&quot;ekit_we_effect_on&quot;:&quot;none&quot;}\" data-widget_type=\"image.default\">\n\t\t\t\t<div class=\"elementor-widget-container\">\n\t\t\t\t\t\t\t\t\t\t\t\t\t\t\t<img fetchpriority=\"high\" decoding=\"async\" width=\"768\" height=\"431\" src=\"https:\/\/www.protonenerji.com.tr\/wp-content\/uploads\/2023\/08\/referanslarimiz-768x431.png\" class=\"attachment-medium_large size-medium_large wp-image-10390\" alt=\"\" srcset=\"https:\/\/www.protonenerji.com.tr\/wp-content\/uploads\/2023\/08\/referanslarimiz-768x431.png 768w, https:\/\/www.protonenerji.com.tr\/wp-content\/uploads\/2023\/08\/referanslarimiz-1024x575.png 1024w, https:\/\/www.protonenerji.com.tr\/wp-content\/uploads\/2023\/08\/referanslarimiz.png 1200w\" sizes=\"(max-width: 768px) 100vw, 768px\" \/>\t\t\t\t\t\t\t\t\t\t\t\t\t\t\t<\/div>\n\t\t\t\t<\/div>\n\t\t\t\t\t<\/div>\n\t\t<\/div>\n\t\t\t\t\t<\/div>\n\t\t<\/section>\n\t\t\t\t<section class=\"elementor-section elementor-top-section elementor-element elementor-element-c6ca595 elementor-section-boxed elementor-section-height-default elementor-section-height-default\" data-id=\"c6ca595\" data-element_type=\"section\">\n\t\t\t\t\t\t<div class=\"elementor-container elementor-column-gap-default\">\n\t\t\t\t\t<div class=\"elementor-column elementor-col-100 elementor-top-column elementor-element elementor-element-de96197\" data-id=\"de96197\" data-element_type=\"column\">\n\t\t\t<div class=\"elementor-widget-wrap\">\n\t\t\t\t\t\t\t<\/div>\n\t\t<\/div>\n\t\t\t\t\t<\/div>\n\t\t<\/section>\n\t\t\t\t<section class=\"elementor-section elementor-top-section elementor-element elementor-element-12f9eb4 elementor-section-boxed elementor-section-height-default elementor-section-height-default\" data-id=\"12f9eb4\" data-element_type=\"section\">\n\t\t\t\t\t\t<div class=\"elementor-container elementor-column-gap-default\">\n\t\t\t\t\t<div class=\"elementor-column elementor-col-100 elementor-top-column elementor-element elementor-element-1a997f1\" data-id=\"1a997f1\" data-element_type=\"column\">\n\t\t\t<div class=\"elementor-widget-wrap\">\n\t\t\t\t\t\t\t<\/div>\n\t\t<\/div>\n\t\t\t\t\t<\/div>\n\t\t<\/section>\n\t\t\t\t<\/div>\n\t\t","protected":false},"excerpt":{"rendered":"<p>Referanslar\u0131m\u0131z M\u00fc\u015fterilerimizin farkl\u0131 ama\u00e7 ve gereksinimlerine g\u00f6re tasarlay\u0131p, geli\u015ftirir, imalat\u0131n\u0131, sat\u0131\u015f ve montaj\u0131n\u0131 yapmaktay\u0131z. Referanslar\u0131m\u0131z i\u00e7in bizimle irtibata ge\u00e7iniz. Hidromek Referanlar\u0131m\u0131z<\/p>\n","protected":false},"author":1,"featured_media":0,"parent":0,"menu_order":0,"comment_status":"closed","ping_status":"closed","template":"","meta":{"footnotes":""},"class_list":["post-10911","page","type-page","status-publish","hentry"],"yoast_head":"<!-- This site is optimized with the Yoast SEO plugin v25.4 - https:\/\/yoast.com\/wordpress\/plugins\/seo\/ -->\n<title>\u041d\u0430\u0448\u0438 \u0440\u0435\u043a\u043e\u043c\u0435\u043d\u0434\u0430\u0446\u0438\u0438 - \u041f\u0440\u043e\u0442\u043e\u043d \u042d\u043d\u0435\u0440\u0434\u0436\u0438<\/title>\n<meta name=\"description\" content=\"\u041e\u043f\u043e\u0440\u044b \u043b\u0438\u043d\u0438\u0439 \u044d\u043b\u0435\u043a\u0442\u0440\u043e\u043f\u0435\u0440\u0435\u0434\u0430\u0447\" \/>\n<meta name=\"robots\" content=\"index, follow, max-snippet:-1, max-image-preview:large, max-video-preview:-1\" \/>\n<link rel=\"canonical\" href=\"https:\/\/www.protonenerji.com.tr\/ru\/%d0%bd%d0%b0%d1%88%d0%b8-%d1%80%d0%b5%d0%ba%d0%be%d0%bc%d0%b5%d0%bd%d0%b4%d0%b0%d1%86%d0%b8%d0%b8\/\" \/>\n<meta property=\"og:locale\" content=\"ru_RU\" \/>\n<meta property=\"og:type\" content=\"article\" \/>\n<meta property=\"og:title\" content=\"\u041d\u0430\u0448\u0438 \u0440\u0435\u043a\u043e\u043c\u0435\u043d\u0434\u0430\u0446\u0438\u0438 - \u041f\u0440\u043e\u0442\u043e\u043d \u042d\u043d\u0435\u0440\u0434\u0436\u0438\" \/>\n<meta property=\"og:description\" content=\"\u041e\u043f\u043e\u0440\u044b \u043b\u0438\u043d\u0438\u0439 \u044d\u043b\u0435\u043a\u0442\u0440\u043e\u043f\u0435\u0440\u0435\u0434\u0430\u0447\" \/>\n<meta property=\"og:url\" content=\"https:\/\/www.protonenerji.com.tr\/ru\/%d0%bd%d0%b0%d1%88%d0%b8-%d1%80%d0%b5%d0%ba%d0%be%d0%bc%d0%b5%d0%bd%d0%b4%d0%b0%d1%86%d0%b8%d0%b8\/\" \/>\n<meta property=\"og:site_name\" content=\"Proton Enerji\" \/>\n<meta property=\"article:publisher\" content=\"https:\/\/www.facebook.com\/search\/top?q=aydos%20asans%c3%b6r\" \/>\n<meta property=\"article:modified_time\" content=\"2024-10-23T20:34:53+00:00\" \/>\n<meta property=\"og:image\" content=\"https:\/\/www.protonenerji.com.tr\/wp-content\/uploads\/2023\/08\/referanslarimiz.png\" \/>\n\t<meta property=\"og:image:width\" content=\"1200\" \/>\n\t<meta property=\"og:image:height\" content=\"674\" \/>\n\t<meta property=\"og:image:type\" content=\"image\/png\" \/>\n<meta name=\"twitter:card\" content=\"summary_large_image\" \/>\n<script type=\"application\/ld+json\" class=\"yoast-schema-graph\">{\"@context\":\"https:\/\/schema.org\",\"@graph\":[{\"@type\":\"WebPage\",\"@id\":\"https:\/\/www.protonenerji.com.tr\/ru\/%d0%bd%d0%b0%d1%88%d0%b8-%d1%80%d0%b5%d0%ba%d0%be%d0%bc%d0%b5%d0%bd%d0%b4%d0%b0%d1%86%d0%b8%d0%b8\/\",\"url\":\"https:\/\/www.protonenerji.com.tr\/ru\/%d0%bd%d0%b0%d1%88%d0%b8-%d1%80%d0%b5%d0%ba%d0%be%d0%bc%d0%b5%d0%bd%d0%b4%d0%b0%d1%86%d0%b8%d0%b8\/\",\"name\":\"\u041d\u0430\u0448\u0438 \u0440\u0435\u043a\u043e\u043c\u0435\u043d\u0434\u0430\u0446\u0438\u0438 - \u041f\u0440\u043e\u0442\u043e\u043d \u042d\u043d\u0435\u0440\u0434\u0436\u0438\",\"isPartOf\":{\"@id\":\"https:\/\/www.protonenerji.com.tr\/ru\/#website\"},\"primaryImageOfPage\":{\"@id\":\"https:\/\/www.protonenerji.com.tr\/ru\/%d0%bd%d0%b0%d1%88%d0%b8-%d1%80%d0%b5%d0%ba%d0%be%d0%bc%d0%b5%d0%bd%d0%b4%d0%b0%d1%86%d0%b8%d0%b8\/#primaryimage\"},\"image\":{\"@id\":\"https:\/\/www.protonenerji.com.tr\/ru\/%d0%bd%d0%b0%d1%88%d0%b8-%d1%80%d0%b5%d0%ba%d0%be%d0%bc%d0%b5%d0%bd%d0%b4%d0%b0%d1%86%d0%b8%d0%b8\/#primaryimage\"},\"thumbnailUrl\":\"https:\/\/www.protonenerji.com.tr\/wp-content\/uploads\/2023\/08\/referanslarimiz-768x431.png\",\"datePublished\":\"2023-08-12T09:06:24+00:00\",\"dateModified\":\"2024-10-23T20:34:53+00:00\",\"description\":\"\u041e\u043f\u043e\u0440\u044b \u043b\u0438\u043d\u0438\u0439 \u044d\u043b\u0435\u043a\u0442\u0440\u043e\u043f\u0435\u0440\u0435\u0434\u0430\u0447\",\"breadcrumb\":{\"@id\":\"https:\/\/www.protonenerji.com.tr\/ru\/%d0%bd%d0%b0%d1%88%d0%b8-%d1%80%d0%b5%d0%ba%d0%be%d0%bc%d0%b5%d0%bd%d0%b4%d0%b0%d1%86%d0%b8%d0%b8\/#breadcrumb\"},\"inLanguage\":\"ru-RU\",\"potentialAction\":[{\"@type\":\"ReadAction\",\"target\":[\"https:\/\/www.protonenerji.com.tr\/ru\/%d0%bd%d0%b0%d1%88%d0%b8-%d1%80%d0%b5%d0%ba%d0%be%d0%bc%d0%b5%d0%bd%d0%b4%d0%b0%d1%86%d0%b8%d0%b8\/\"]}]},{\"@type\":\"ImageObject\",\"inLanguage\":\"ru-RU\",\"@id\":\"https:\/\/www.protonenerji.com.tr\/ru\/%d0%bd%d0%b0%d1%88%d0%b8-%d1%80%d0%b5%d0%ba%d0%be%d0%bc%d0%b5%d0%bd%d0%b4%d0%b0%d1%86%d0%b8%d0%b8\/#primaryimage\",\"url\":\"https:\/\/www.protonenerji.com.tr\/wp-content\/uploads\/2023\/08\/referanslarimiz-768x431.png\",\"contentUrl\":\"https:\/\/www.protonenerji.com.tr\/wp-content\/uploads\/2023\/08\/referanslarimiz-768x431.png\"},{\"@type\":\"BreadcrumbList\",\"@id\":\"https:\/\/www.protonenerji.com.tr\/ru\/%d0%bd%d0%b0%d1%88%d0%b8-%d1%80%d0%b5%d0%ba%d0%be%d0%bc%d0%b5%d0%bd%d0%b4%d0%b0%d1%86%d0%b8%d0%b8\/#breadcrumb\",\"itemListElement\":[{\"@type\":\"ListItem\",\"position\":1,\"name\":\"Anasayfa\",\"item\":\"https:\/\/www.protonenerji.com.tr\/ru\/\"},{\"@type\":\"ListItem\",\"position\":2,\"name\":\"\u041d\u0430\u0448\u0438 \u0440\u0435\u043a\u043e\u043c\u0435\u043d\u0434\u0430\u0446\u0438\u0438\"}]},{\"@type\":\"WebSite\",\"@id\":\"https:\/\/www.protonenerji.com.tr\/ru\/#website\",\"url\":\"https:\/\/www.protonenerji.com.tr\/ru\/\",\"name\":\"Proton Enerji\",\"description\":\"Enerji | Telekom\u00fcnikasyon | Ayd\u0131nlatma ve Ula\u015f\u0131m | Yenilenebilir Enerji\",\"publisher\":{\"@id\":\"https:\/\/www.protonenerji.com.tr\/ru\/#organization\"},\"potentialAction\":[{\"@type\":\"SearchAction\",\"target\":{\"@type\":\"EntryPoint\",\"urlTemplate\":\"https:\/\/www.protonenerji.com.tr\/ru\/?s={search_term_string}\"},\"query-input\":{\"@type\":\"PropertyValueSpecification\",\"valueRequired\":true,\"valueName\":\"search_term_string\"}}],\"inLanguage\":\"ru-RU\"},{\"@type\":\"Organization\",\"@id\":\"https:\/\/www.protonenerji.com.tr\/ru\/#organization\",\"name\":\"Aydos Asans\u00f6r Montaj ve Bak\u0131m Servisi\",\"url\":\"https:\/\/www.protonenerji.com.tr\/ru\/\",\"logo\":{\"@type\":\"ImageObject\",\"inLanguage\":\"ru-RU\",\"@id\":\"https:\/\/www.protonenerji.com.tr\/ru\/#\/schema\/logo\/image\/\",\"url\":\"https:\/\/www.protonenerji.com.tr\/wp-content\/uploads\/2021\/10\/aydos-asansor-beyaz.png\",\"contentUrl\":\"https:\/\/www.protonenerji.com.tr\/wp-content\/uploads\/2021\/10\/aydos-asansor-beyaz.png\",\"width\":954,\"height\":319,\"caption\":\"Aydos Asans\u00f6r Montaj ve Bak\u0131m Servisi\"},\"image\":{\"@id\":\"https:\/\/www.protonenerji.com.tr\/ru\/#\/schema\/logo\/image\/\"},\"sameAs\":[\"https:\/\/www.facebook.com\/search\/top?q=aydos asans\u00f6r\"]}]}<\/script>\n<!-- \/ Yoast SEO plugin. -->","yoast_head_json":{"title":"\u041d\u0430\u0448\u0438 \u0440\u0435\u043a\u043e\u043c\u0435\u043d\u0434\u0430\u0446\u0438\u0438 - \u041f\u0440\u043e\u0442\u043e\u043d \u042d\u043d\u0435\u0440\u0434\u0436\u0438","description":"\u041e\u043f\u043e\u0440\u044b \u043b\u0438\u043d\u0438\u0439 \u044d\u043b\u0435\u043a\u0442\u0440\u043e\u043f\u0435\u0440\u0435\u0434\u0430\u0447","robots":{"index":"index","follow":"follow","max-snippet":"max-snippet:-1","max-image-preview":"max-image-preview:large","max-video-preview":"max-video-preview:-1"},"canonical":"https:\/\/www.protonenerji.com.tr\/ru\/%d0%bd%d0%b0%d1%88%d0%b8-%d1%80%d0%b5%d0%ba%d0%be%d0%bc%d0%b5%d0%bd%d0%b4%d0%b0%d1%86%d0%b8%d0%b8\/","og_locale":"ru_RU","og_type":"article","og_title":"\u041d\u0430\u0448\u0438 \u0440\u0435\u043a\u043e\u043c\u0435\u043d\u0434\u0430\u0446\u0438\u0438 - \u041f\u0440\u043e\u0442\u043e\u043d \u042d\u043d\u0435\u0440\u0434\u0436\u0438","og_description":"\u041e\u043f\u043e\u0440\u044b \u043b\u0438\u043d\u0438\u0439 \u044d\u043b\u0435\u043a\u0442\u0440\u043e\u043f\u0435\u0440\u0435\u0434\u0430\u0447","og_url":"https:\/\/www.protonenerji.com.tr\/ru\/%d0%bd%d0%b0%d1%88%d0%b8-%d1%80%d0%b5%d0%ba%d0%be%d0%bc%d0%b5%d0%bd%d0%b4%d0%b0%d1%86%d0%b8%d0%b8\/","og_site_name":"Proton Enerji","article_publisher":"https:\/\/www.facebook.com\/search\/top?q=aydos%20asans%c3%b6r","article_modified_time":"2024-10-23T20:34:53+00:00","og_image":[{"width":1200,"height":674,"url":"https:\/\/www.protonenerji.com.tr\/wp-content\/uploads\/2023\/08\/referanslarimiz.png","type":"image\/png"}],"twitter_card":"summary_large_image","schema":{"@context":"https:\/\/schema.org","@graph":[{"@type":"WebPage","@id":"https:\/\/www.protonenerji.com.tr\/ru\/%d0%bd%d0%b0%d1%88%d0%b8-%d1%80%d0%b5%d0%ba%d0%be%d0%bc%d0%b5%d0%bd%d0%b4%d0%b0%d1%86%d0%b8%d0%b8\/","url":"https:\/\/www.protonenerji.com.tr\/ru\/%d0%bd%d0%b0%d1%88%d0%b8-%d1%80%d0%b5%d0%ba%d0%be%d0%bc%d0%b5%d0%bd%d0%b4%d0%b0%d1%86%d0%b8%d0%b8\/","name":"\u041d\u0430\u0448\u0438 \u0440\u0435\u043a\u043e\u043c\u0435\u043d\u0434\u0430\u0446\u0438\u0438 - \u041f\u0440\u043e\u0442\u043e\u043d \u042d\u043d\u0435\u0440\u0434\u0436\u0438","isPartOf":{"@id":"https:\/\/www.protonenerji.com.tr\/ru\/#website"},"primaryImageOfPage":{"@id":"https:\/\/www.protonenerji.com.tr\/ru\/%d0%bd%d0%b0%d1%88%d0%b8-%d1%80%d0%b5%d0%ba%d0%be%d0%bc%d0%b5%d0%bd%d0%b4%d0%b0%d1%86%d0%b8%d0%b8\/#primaryimage"},"image":{"@id":"https:\/\/www.protonenerji.com.tr\/ru\/%d0%bd%d0%b0%d1%88%d0%b8-%d1%80%d0%b5%d0%ba%d0%be%d0%bc%d0%b5%d0%bd%d0%b4%d0%b0%d1%86%d0%b8%d0%b8\/#primaryimage"},"thumbnailUrl":"https:\/\/www.protonenerji.com.tr\/wp-content\/uploads\/2023\/08\/referanslarimiz-768x431.png","datePublished":"2023-08-12T09:06:24+00:00","dateModified":"2024-10-23T20:34:53+00:00","description":"\u041e\u043f\u043e\u0440\u044b \u043b\u0438\u043d\u0438\u0439 \u044d\u043b\u0435\u043a\u0442\u0440\u043e\u043f\u0435\u0440\u0435\u0434\u0430\u0447","breadcrumb":{"@id":"https:\/\/www.protonenerji.com.tr\/ru\/%d0%bd%d0%b0%d1%88%d0%b8-%d1%80%d0%b5%d0%ba%d0%be%d0%bc%d0%b5%d0%bd%d0%b4%d0%b0%d1%86%d0%b8%d0%b8\/#breadcrumb"},"inLanguage":"ru-RU","potentialAction":[{"@type":"ReadAction","target":["https:\/\/www.protonenerji.com.tr\/ru\/%d0%bd%d0%b0%d1%88%d0%b8-%d1%80%d0%b5%d0%ba%d0%be%d0%bc%d0%b5%d0%bd%d0%b4%d0%b0%d1%86%d0%b8%d0%b8\/"]}]},{"@type":"ImageObject","inLanguage":"ru-RU","@id":"https:\/\/www.protonenerji.com.tr\/ru\/%d0%bd%d0%b0%d1%88%d0%b8-%d1%80%d0%b5%d0%ba%d0%be%d0%bc%d0%b5%d0%bd%d0%b4%d0%b0%d1%86%d0%b8%d0%b8\/#primaryimage","url":"https:\/\/www.protonenerji.com.tr\/wp-content\/uploads\/2023\/08\/referanslarimiz-768x431.png","contentUrl":"https:\/\/www.protonenerji.com.tr\/wp-content\/uploads\/2023\/08\/referanslarimiz-768x431.png"},{"@type":"BreadcrumbList","@id":"https:\/\/www.protonenerji.com.tr\/ru\/%d0%bd%d0%b0%d1%88%d0%b8-%d1%80%d0%b5%d0%ba%d0%be%d0%bc%d0%b5%d0%bd%d0%b4%d0%b0%d1%86%d0%b8%d0%b8\/#breadcrumb","itemListElement":[{"@type":"ListItem","position":1,"name":"Anasayfa","item":"https:\/\/www.protonenerji.com.tr\/ru\/"},{"@type":"ListItem","position":2,"name":"\u041d\u0430\u0448\u0438 \u0440\u0435\u043a\u043e\u043c\u0435\u043d\u0434\u0430\u0446\u0438\u0438"}]},{"@type":"WebSite","@id":"https:\/\/www.protonenerji.com.tr\/ru\/#website","url":"https:\/\/www.protonenerji.com.tr\/ru\/","name":"Proton Enerji","description":"Enerji | Telekom\u00fcnikasyon | Ayd\u0131nlatma ve Ula\u015f\u0131m | Yenilenebilir Enerji","publisher":{"@id":"https:\/\/www.protonenerji.com.tr\/ru\/#organization"},"potentialAction":[{"@type":"SearchAction","target":{"@type":"EntryPoint","urlTemplate":"https:\/\/www.protonenerji.com.tr\/ru\/?s={search_term_string}"},"query-input":{"@type":"PropertyValueSpecification","valueRequired":true,"valueName":"search_term_string"}}],"inLanguage":"ru-RU"},{"@type":"Organization","@id":"https:\/\/www.protonenerji.com.tr\/ru\/#organization","name":"Aydos Asans\u00f6r Montaj ve Bak\u0131m Servisi","url":"https:\/\/www.protonenerji.com.tr\/ru\/","logo":{"@type":"ImageObject","inLanguage":"ru-RU","@id":"https:\/\/www.protonenerji.com.tr\/ru\/#\/schema\/logo\/image\/","url":"https:\/\/www.protonenerji.com.tr\/wp-content\/uploads\/2021\/10\/aydos-asansor-beyaz.png","contentUrl":"https:\/\/www.protonenerji.com.tr\/wp-content\/uploads\/2021\/10\/aydos-asansor-beyaz.png","width":954,"height":319,"caption":"Aydos Asans\u00f6r Montaj ve Bak\u0131m Servisi"},"image":{"@id":"https:\/\/www.protonenerji.com.tr\/ru\/#\/schema\/logo\/image\/"},"sameAs":["https:\/\/www.facebook.com\/search\/top?q=aydos asans\u00f6r"]}]}},"_links":{"self":[{"href":"https:\/\/www.protonenerji.com.tr\/ru\/wp-json\/wp\/v2\/pages\/10911","targetHints":{"allow":["GET"]}}],"collection":[{"href":"https:\/\/www.protonenerji.com.tr\/ru\/wp-json\/wp\/v2\/pages"}],"about":[{"href":"https:\/\/www.protonenerji.com.tr\/ru\/wp-json\/wp\/v2\/types\/page"}],"author":[{"embeddable":true,"href":"https:\/\/www.protonenerji.com.tr\/ru\/wp-json\/wp\/v2\/users\/1"}],"replies":[{"embeddable":true,"href":"https:\/\/www.protonenerji.com.tr\/ru\/wp-json\/wp\/v2\/comments?post=10911"}],"version-history":[{"count":1,"href":"https:\/\/www.protonenerji.com.tr\/ru\/wp-json\/wp\/v2\/pages\/10911\/revisions"}],"predecessor-version":[{"id":10912,"href":"https:\/\/www.protonenerji.com.tr\/ru\/wp-json\/wp\/v2\/pages\/10911\/revisions\/10912"}],"wp:attachment":[{"href":"https:\/\/www.protonenerji.com.tr\/ru\/wp-json\/wp\/v2\/media?parent=10911"}],"curies":[{"name":"wp","href":"https:\/\/api.w.org\/{rel}","templated":true}]}}