{"id":11692,"date":"2024-12-01T21:38:31","date_gmt":"2024-12-01T18:38:31","guid":{"rendered":"https:\/\/www.protonenerji.com.tr\/video-gallery\/"},"modified":"2024-12-02T19:43:50","modified_gmt":"2024-12-02T16:43:50","slug":"video-gallery","status":"publish","type":"page","link":"https:\/\/www.protonenerji.com.tr\/en\/video-gallery\/","title":{"rendered":"Video Gallery"},"content":{"rendered":"\t\t<div data-elementor-type=\"wp-page\" data-elementor-id=\"11692\" class=\"elementor elementor-11692 elementor-11417\">\n\t\t\t\t<div class=\"elementor-element elementor-element-190a185 parallaxie e-flex e-con-boxed e-con e-parent\" data-id=\"190a185\" data-element_type=\"container\" data-settings=\"{&quot;background_background&quot;:&quot;video&quot;,&quot;background_video_link&quot;:&quot;https:\\\/\\\/www.protonenerji.com.tr\\\/wp-content\\\/uploads\\\/2024\\\/10\\\/proton-slayt.mp4&quot;,&quot;background_play_on_mobile&quot;:&quot;yes&quot;}\">\n\t\t\t\t\t<div class=\"e-con-inner\">\n\t\t<div class=\"elementor-background-video-container\">\n\t\t\t\t\t\t\t<video class=\"elementor-background-video-hosted\" autoplay muted playsinline loop><\/video>\n\t\t\t\t\t<\/div><div class=\"elementor-element elementor-element-4dbf025 e-con-full e-flex e-con e-child\" data-id=\"4dbf025\" data-element_type=\"container\">\n\t\t\t\t<div class=\"elementor-element elementor-element-644d226 solor-heading-animation solor-animation-heading-style-2 elementor-widget elementor-widget-heading\" data-id=\"644d226\" data-element_type=\"widget\" data-settings=\"{&quot;ekit_we_effect_on&quot;:&quot;none&quot;}\" data-widget_type=\"heading.default\">\n\t\t\t\t<div class=\"elementor-widget-container\">\n\t\t\t\t\t<h1 class=\"elementor-heading-title elementor-size-default\">Video Gallery<\/h1>\t\t\t\t<\/div>\n\t\t\t\t<\/div>\n\t\t\t\t<div class=\"elementor-element elementor-element-b14ea8c elementor-invisible elementor-widget elementor-widget-elementskit-breadcrumb\" data-id=\"b14ea8c\" data-element_type=\"widget\" data-settings=\"{&quot;_animation&quot;:&quot;fadeInUp&quot;,&quot;ekit_we_effect_on&quot;:&quot;none&quot;}\" data-widget_type=\"elementskit-breadcrumb.default\">\n\t\t\t\t<div class=\"elementor-widget-container\">\n\t\t\t\t\t<div class=\"ekit-wid-con\" ><ol class=\"ekit-breadcrumb\"><li class=\"ekit_breadcrumbs_start\"><a href=\"https:\/\/www.protonenerji.com.tr\/en\/\">Home<\/a><\/li><\/ol><\/div>\t\t\t\t<\/div>\n\t\t\t\t<\/div>\n\t\t\t\t<\/div>\n\t\t\t\t\t<\/div>\n\t\t\t\t<\/div>\n\t\t<div class=\"elementor-element elementor-element-72fb7a1 e-grid e-con-boxed e-con e-parent\" data-id=\"72fb7a1\" data-element_type=\"container\">\n\t\t\t\t\t<div class=\"e-con-inner\">\n\t\t\t\t<div class=\"elementor-element elementor-element-ee2bcee elementor-widget elementor-widget-video\" data-id=\"ee2bcee\" data-element_type=\"widget\" data-settings=\"{&quot;video_type&quot;:&quot;hosted&quot;,&quot;controls&quot;:&quot;yes&quot;,&quot;ekit_we_effect_on&quot;:&quot;none&quot;}\" data-widget_type=\"video.default\">\n\t\t\t\t<div class=\"elementor-widget-container\">\n\t\t\t\t\t\t\t<div class=\"e-hosted-video elementor-wrapper elementor-open-inline\">\n\t\t\t\t\t<video class=\"elementor-video\" src=\"https:\/\/www.protonenerji.com.tr\/wp-content\/uploads\/2024\/12\/1.mp4\" controls=\"\" preload=\"metadata\" controlsList=\"nodownload\"><\/video>\n\t\t\t\t<\/div>\n\t\t\t\t\t\t<\/div>\n\t\t\t\t<\/div>\n\t\t\t\t<div class=\"elementor-element elementor-element-e39b43f elementor-widget elementor-widget-video\" data-id=\"e39b43f\" data-element_type=\"widget\" data-settings=\"{&quot;video_type&quot;:&quot;hosted&quot;,&quot;controls&quot;:&quot;yes&quot;,&quot;ekit_we_effect_on&quot;:&quot;none&quot;}\" data-widget_type=\"video.default\">\n\t\t\t\t<div class=\"elementor-widget-container\">\n\t\t\t\t\t\t\t<div class=\"e-hosted-video elementor-wrapper elementor-open-inline\">\n\t\t\t\t\t<video class=\"elementor-video\" src=\"https:\/\/www.protonenerji.com.tr\/wp-content\/uploads\/2024\/12\/2.mp4\" controls=\"\" preload=\"metadata\" controlsList=\"nodownload\"><\/video>\n\t\t\t\t<\/div>\n\t\t\t\t\t\t<\/div>\n\t\t\t\t<\/div>\n\t\t\t\t<div class=\"elementor-element elementor-element-e70404c elementor-widget elementor-widget-video\" data-id=\"e70404c\" data-element_type=\"widget\" data-settings=\"{&quot;video_type&quot;:&quot;hosted&quot;,&quot;controls&quot;:&quot;yes&quot;,&quot;ekit_we_effect_on&quot;:&quot;none&quot;}\" data-widget_type=\"video.default\">\n\t\t\t\t<div class=\"elementor-widget-container\">\n\t\t\t\t\t\t\t<div class=\"e-hosted-video elementor-wrapper elementor-open-inline\">\n\t\t\t\t\t<video class=\"elementor-video\" src=\"https:\/\/www.protonenerji.com.tr\/wp-content\/uploads\/2024\/12\/3.mp4\" controls=\"\" preload=\"metadata\" controlsList=\"nodownload\"><\/video>\n\t\t\t\t<\/div>\n\t\t\t\t\t\t<\/div>\n\t\t\t\t<\/div>\n\t\t\t\t<div class=\"elementor-element elementor-element-6e878f6 elementor-widget elementor-widget-video\" data-id=\"6e878f6\" data-element_type=\"widget\" data-settings=\"{&quot;video_type&quot;:&quot;hosted&quot;,&quot;controls&quot;:&quot;yes&quot;,&quot;ekit_we_effect_on&quot;:&quot;none&quot;}\" data-widget_type=\"video.default\">\n\t\t\t\t<div class=\"elementor-widget-container\">\n\t\t\t\t\t\t\t<div class=\"e-hosted-video elementor-wrapper elementor-open-inline\">\n\t\t\t\t\t<video class=\"elementor-video\" src=\"https:\/\/www.protonenerji.com.tr\/wp-content\/uploads\/2024\/12\/4.mp4\" controls=\"\" preload=\"metadata\" controlsList=\"nodownload\"><\/video>\n\t\t\t\t<\/div>\n\t\t\t\t\t\t<\/div>\n\t\t\t\t<\/div>\n\t\t\t\t<div class=\"elementor-element elementor-element-4b31418 elementor-widget elementor-widget-video\" data-id=\"4b31418\" data-element_type=\"widget\" data-settings=\"{&quot;video_type&quot;:&quot;hosted&quot;,&quot;controls&quot;:&quot;yes&quot;,&quot;ekit_we_effect_on&quot;:&quot;none&quot;}\" data-widget_type=\"video.default\">\n\t\t\t\t<div class=\"elementor-widget-container\">\n\t\t\t\t\t\t\t<div class=\"e-hosted-video elementor-wrapper elementor-open-inline\">\n\t\t\t\t\t<video class=\"elementor-video\" src=\"https:\/\/www.protonenerji.com.tr\/wp-content\/uploads\/2024\/12\/5.mp4\" controls=\"\" preload=\"metadata\" controlsList=\"nodownload\"><\/video>\n\t\t\t\t<\/div>\n\t\t\t\t\t\t<\/div>\n\t\t\t\t<\/div>\n\t\t\t\t<div class=\"elementor-element elementor-element-4c74ffe elementor-widget elementor-widget-video\" data-id=\"4c74ffe\" data-element_type=\"widget\" data-settings=\"{&quot;video_type&quot;:&quot;hosted&quot;,&quot;controls&quot;:&quot;yes&quot;,&quot;ekit_we_effect_on&quot;:&quot;none&quot;}\" data-widget_type=\"video.default\">\n\t\t\t\t<div class=\"elementor-widget-container\">\n\t\t\t\t\t\t\t<div class=\"e-hosted-video elementor-wrapper elementor-open-inline\">\n\t\t\t\t\t<video class=\"elementor-video\" src=\"https:\/\/www.protonenerji.com.tr\/wp-content\/uploads\/2024\/12\/6.mp4\" controls=\"\" preload=\"metadata\" controlsList=\"nodownload\"><\/video>\n\t\t\t\t<\/div>\n\t\t\t\t\t\t<\/div>\n\t\t\t\t<\/div>\n\t\t\t\t\t<\/div>\n\t\t\t\t<\/div>\n\t\t\t\t<\/div>\n\t\t","protected":false},"excerpt":{"rendered":"<p>Video Gallery Home https:\/\/www.protonenerji.com.tr\/wp-content\/uploads\/2024\/12\/1.mp4https:\/\/www.protonenerji.com.tr\/wp-content\/uploads\/2024\/12\/2.mp4https:\/\/www.protonenerji.com.tr\/wp-content\/uploads\/2024\/12\/3.mp4https:\/\/www.protonenerji.com.tr\/wp-content\/uploads\/2024\/12\/4.mp4https:\/\/www.protonenerji.com.tr\/wp-content\/uploads\/2024\/12\/5.mp4https:\/\/www.protonenerji.com.tr\/wp-content\/uploads\/2024\/12\/6.mp4<\/p>\n","protected":false},"author":1,"featured_media":0,"parent":0,"menu_order":0,"comment_status":"closed","ping_status":"closed","template":"elementor_header_footer","meta":{"footnotes":""},"class_list":["post-11692","page","type-page","status-publish","hentry"],"yoast_head":"<!-- This site is optimized with the Yoast SEO plugin v25.4 - https:\/\/yoast.com\/wordpress\/plugins\/seo\/ -->\n<title>Asans\u00f6r montaj\u0131 Ankara, Asans\u00f6r bak\u0131m servisi ankara<\/title>\n<meta name=\"description\" content=\"Occupational Health and Safety\" \/>\n<meta name=\"robots\" content=\"index, follow, max-snippet:-1, max-image-preview:large, max-video-preview:-1\" \/>\n<link rel=\"canonical\" href=\"https:\/\/www.protonenerji.com.tr\/en\/video-gallery\/\" \/>\n<meta property=\"og:locale\" content=\"en_US\" \/>\n<meta property=\"og:type\" content=\"article\" \/>\n<meta property=\"og:title\" content=\"Asans\u00f6r montaj\u0131 Ankara, Asans\u00f6r bak\u0131m servisi ankara\" \/>\n<meta property=\"og:description\" content=\"Occupational Health and Safety\" \/>\n<meta property=\"og:url\" content=\"https:\/\/www.protonenerji.com.tr\/en\/video-gallery\/\" \/>\n<meta property=\"og:site_name\" content=\"Proton Enerji\" \/>\n<meta property=\"article:publisher\" content=\"https:\/\/www.facebook.com\/search\/top?q=aydos%20asans%c3%b6r\" \/>\n<meta property=\"article:modified_time\" content=\"2024-12-02T16:43:50+00:00\" \/>\n<meta name=\"twitter:card\" content=\"summary_large_image\" \/>\n<script type=\"application\/ld+json\" class=\"yoast-schema-graph\">{\"@context\":\"https:\/\/schema.org\",\"@graph\":[{\"@type\":\"WebPage\",\"@id\":\"https:\/\/www.protonenerji.com.tr\/en\/video-gallery\/\",\"url\":\"https:\/\/www.protonenerji.com.tr\/en\/video-gallery\/\",\"name\":\"Asans\u00f6r montaj\u0131 Ankara, Asans\u00f6r bak\u0131m servisi ankara\",\"isPartOf\":{\"@id\":\"https:\/\/www.protonenerji.com.tr\/en\/#website\"},\"datePublished\":\"2024-12-01T18:38:31+00:00\",\"dateModified\":\"2024-12-02T16:43:50+00:00\",\"description\":\"Occupational Health and Safety\",\"breadcrumb\":{\"@id\":\"https:\/\/www.protonenerji.com.tr\/en\/video-gallery\/#breadcrumb\"},\"inLanguage\":\"en-US\",\"potentialAction\":[{\"@type\":\"ReadAction\",\"target\":[\"https:\/\/www.protonenerji.com.tr\/en\/video-gallery\/\"]}]},{\"@type\":\"BreadcrumbList\",\"@id\":\"https:\/\/www.protonenerji.com.tr\/en\/video-gallery\/#breadcrumb\",\"itemListElement\":[{\"@type\":\"ListItem\",\"position\":1,\"name\":\"Anasayfa\",\"item\":\"https:\/\/www.protonenerji.com.tr\/en\/\"},{\"@type\":\"ListItem\",\"position\":2,\"name\":\"Video Gallery\"}]},{\"@type\":\"WebSite\",\"@id\":\"https:\/\/www.protonenerji.com.tr\/en\/#website\",\"url\":\"https:\/\/www.protonenerji.com.tr\/en\/\",\"name\":\"Proton Enerji\",\"description\":\"Enerji | Telekom\u00fcnikasyon | Ayd\u0131nlatma ve Ula\u015f\u0131m | Yenilenebilir Enerji\",\"publisher\":{\"@id\":\"https:\/\/www.protonenerji.com.tr\/en\/#organization\"},\"potentialAction\":[{\"@type\":\"SearchAction\",\"target\":{\"@type\":\"EntryPoint\",\"urlTemplate\":\"https:\/\/www.protonenerji.com.tr\/en\/?s={search_term_string}\"},\"query-input\":{\"@type\":\"PropertyValueSpecification\",\"valueRequired\":true,\"valueName\":\"search_term_string\"}}],\"inLanguage\":\"en-US\"},{\"@type\":\"Organization\",\"@id\":\"https:\/\/www.protonenerji.com.tr\/en\/#organization\",\"name\":\"Aydos Asans\u00f6r Montaj ve Bak\u0131m Servisi\",\"url\":\"https:\/\/www.protonenerji.com.tr\/en\/\",\"logo\":{\"@type\":\"ImageObject\",\"inLanguage\":\"en-US\",\"@id\":\"https:\/\/www.protonenerji.com.tr\/en\/#\/schema\/logo\/image\/\",\"url\":\"https:\/\/www.protonenerji.com.tr\/wp-content\/uploads\/2021\/10\/aydos-asansor-beyaz.png\",\"contentUrl\":\"https:\/\/www.protonenerji.com.tr\/wp-content\/uploads\/2021\/10\/aydos-asansor-beyaz.png\",\"width\":954,\"height\":319,\"caption\":\"Aydos Asans\u00f6r Montaj ve Bak\u0131m Servisi\"},\"image\":{\"@id\":\"https:\/\/www.protonenerji.com.tr\/en\/#\/schema\/logo\/image\/\"},\"sameAs\":[\"https:\/\/www.facebook.com\/search\/top?q=aydos asans\u00f6r\"]}]}<\/script>\n<!-- \/ Yoast SEO plugin. -->","yoast_head_json":{"title":"Asans\u00f6r montaj\u0131 Ankara, Asans\u00f6r bak\u0131m servisi ankara","description":"Occupational Health and Safety","robots":{"index":"index","follow":"follow","max-snippet":"max-snippet:-1","max-image-preview":"max-image-preview:large","max-video-preview":"max-video-preview:-1"},"canonical":"https:\/\/www.protonenerji.com.tr\/en\/video-gallery\/","og_locale":"en_US","og_type":"article","og_title":"Asans\u00f6r montaj\u0131 Ankara, Asans\u00f6r bak\u0131m servisi ankara","og_description":"Occupational Health and Safety","og_url":"https:\/\/www.protonenerji.com.tr\/en\/video-gallery\/","og_site_name":"Proton Enerji","article_publisher":"https:\/\/www.facebook.com\/search\/top?q=aydos%20asans%c3%b6r","article_modified_time":"2024-12-02T16:43:50+00:00","twitter_card":"summary_large_image","schema":{"@context":"https:\/\/schema.org","@graph":[{"@type":"WebPage","@id":"https:\/\/www.protonenerji.com.tr\/en\/video-gallery\/","url":"https:\/\/www.protonenerji.com.tr\/en\/video-gallery\/","name":"Asans\u00f6r montaj\u0131 Ankara, Asans\u00f6r bak\u0131m servisi ankara","isPartOf":{"@id":"https:\/\/www.protonenerji.com.tr\/en\/#website"},"datePublished":"2024-12-01T18:38:31+00:00","dateModified":"2024-12-02T16:43:50+00:00","description":"Occupational Health and Safety","breadcrumb":{"@id":"https:\/\/www.protonenerji.com.tr\/en\/video-gallery\/#breadcrumb"},"inLanguage":"en-US","potentialAction":[{"@type":"ReadAction","target":["https:\/\/www.protonenerji.com.tr\/en\/video-gallery\/"]}]},{"@type":"BreadcrumbList","@id":"https:\/\/www.protonenerji.com.tr\/en\/video-gallery\/#breadcrumb","itemListElement":[{"@type":"ListItem","position":1,"name":"Anasayfa","item":"https:\/\/www.protonenerji.com.tr\/en\/"},{"@type":"ListItem","position":2,"name":"Video Gallery"}]},{"@type":"WebSite","@id":"https:\/\/www.protonenerji.com.tr\/en\/#website","url":"https:\/\/www.protonenerji.com.tr\/en\/","name":"Proton Enerji","description":"Enerji | Telekom\u00fcnikasyon | Ayd\u0131nlatma ve Ula\u015f\u0131m | Yenilenebilir Enerji","publisher":{"@id":"https:\/\/www.protonenerji.com.tr\/en\/#organization"},"potentialAction":[{"@type":"SearchAction","target":{"@type":"EntryPoint","urlTemplate":"https:\/\/www.protonenerji.com.tr\/en\/?s={search_term_string}"},"query-input":{"@type":"PropertyValueSpecification","valueRequired":true,"valueName":"search_term_string"}}],"inLanguage":"en-US"},{"@type":"Organization","@id":"https:\/\/www.protonenerji.com.tr\/en\/#organization","name":"Aydos Asans\u00f6r Montaj ve Bak\u0131m Servisi","url":"https:\/\/www.protonenerji.com.tr\/en\/","logo":{"@type":"ImageObject","inLanguage":"en-US","@id":"https:\/\/www.protonenerji.com.tr\/en\/#\/schema\/logo\/image\/","url":"https:\/\/www.protonenerji.com.tr\/wp-content\/uploads\/2021\/10\/aydos-asansor-beyaz.png","contentUrl":"https:\/\/www.protonenerji.com.tr\/wp-content\/uploads\/2021\/10\/aydos-asansor-beyaz.png","width":954,"height":319,"caption":"Aydos Asans\u00f6r Montaj ve Bak\u0131m Servisi"},"image":{"@id":"https:\/\/www.protonenerji.com.tr\/en\/#\/schema\/logo\/image\/"},"sameAs":["https:\/\/www.facebook.com\/search\/top?q=aydos asans\u00f6r"]}]}},"_links":{"self":[{"href":"https:\/\/www.protonenerji.com.tr\/en\/wp-json\/wp\/v2\/pages\/11692","targetHints":{"allow":["GET"]}}],"collection":[{"href":"https:\/\/www.protonenerji.com.tr\/en\/wp-json\/wp\/v2\/pages"}],"about":[{"href":"https:\/\/www.protonenerji.com.tr\/en\/wp-json\/wp\/v2\/types\/page"}],"author":[{"embeddable":true,"href":"https:\/\/www.protonenerji.com.tr\/en\/wp-json\/wp\/v2\/users\/1"}],"replies":[{"embeddable":true,"href":"https:\/\/www.protonenerji.com.tr\/en\/wp-json\/wp\/v2\/comments?post=11692"}],"version-history":[{"count":1,"href":"https:\/\/www.protonenerji.com.tr\/en\/wp-json\/wp\/v2\/pages\/11692\/revisions"}],"predecessor-version":[{"id":11693,"href":"https:\/\/www.protonenerji.com.tr\/en\/wp-json\/wp\/v2\/pages\/11692\/revisions\/11693"}],"wp:attachment":[{"href":"https:\/\/www.protonenerji.com.tr\/en\/wp-json\/wp\/v2\/media?parent=11692"}],"curies":[{"name":"wp","href":"https:\/\/api.w.org\/{rel}","templated":true}]}}