{"id":10931,"date":"2024-10-18T19:16:32","date_gmt":"2024-10-18T16:16:32","guid":{"rendered":"https:\/\/www.protonenerji.com.tr\/products-and-services\/iron-and-steel-products\/"},"modified":"2024-10-24T20:09:15","modified_gmt":"2024-10-24T17:09:15","slug":"iron-and-steel-products","status":"publish","type":"page","link":"https:\/\/www.protonenerji.com.tr\/en\/products-and-services\/iron-and-steel-products\/","title":{"rendered":"Iron and Steel Products"},"content":{"rendered":"\t\t<div data-elementor-type=\"wp-page\" data-elementor-id=\"10931\" class=\"elementor elementor-10931 elementor-9452\">\n\t\t\t\t<div class=\"elementor-element elementor-element-b23587c parallaxie e-flex e-con-boxed e-con e-parent\" data-id=\"b23587c\" data-element_type=\"container\" data-settings=\"{&quot;background_background&quot;:&quot;video&quot;,&quot;background_video_link&quot;:&quot;https:\\\/\\\/www.protonenerji.com.tr\\\/wp-content\\\/uploads\\\/2024\\\/10\\\/proton-slayt.mp4&quot;,&quot;background_play_on_mobile&quot;:&quot;yes&quot;}\">\n\t\t\t\t\t<div class=\"e-con-inner\">\n\t\t<div class=\"elementor-background-video-container\">\n\t\t\t\t\t\t\t<video class=\"elementor-background-video-hosted\" autoplay muted playsinline loop><\/video>\n\t\t\t\t\t<\/div><div class=\"elementor-element elementor-element-e14c250 e-con-full e-flex e-con e-child\" data-id=\"e14c250\" data-element_type=\"container\">\n\t\t\t\t<div class=\"elementor-element elementor-element-7908705 solor-heading-animation solor-animation-heading-style-2 elementor-widget elementor-widget-heading\" data-id=\"7908705\" data-element_type=\"widget\" data-settings=\"{&quot;ekit_we_effect_on&quot;:&quot;none&quot;}\" data-widget_type=\"heading.default\">\n\t\t\t\t<div class=\"elementor-widget-container\">\n\t\t\t\t\t<h1 class=\"elementor-heading-title elementor-size-default\">Iron and Steel Products<\/h1>\t\t\t\t<\/div>\n\t\t\t\t<\/div>\n\t\t\t\t<div class=\"elementor-element elementor-element-5eb4461 elementor-invisible elementor-widget elementor-widget-elementskit-breadcrumb\" data-id=\"5eb4461\" data-element_type=\"widget\" data-settings=\"{&quot;_animation&quot;:&quot;fadeInUp&quot;,&quot;ekit_we_effect_on&quot;:&quot;none&quot;}\" data-widget_type=\"elementskit-breadcrumb.default\">\n\t\t\t\t<div class=\"elementor-widget-container\">\n\t\t\t\t\t<div class=\"ekit-wid-con\" ><ol class=\"ekit-breadcrumb\"><li class=\"ekit_breadcrumbs_start\"><a href=\"https:\/\/www.protonenerji.com.tr\/en\/\">Home<\/a><\/li><\/ol><\/div>\t\t\t\t<\/div>\n\t\t\t\t<\/div>\n\t\t\t\t<\/div>\n\t\t\t\t\t<\/div>\n\t\t\t\t<\/div>\n\t\t<div class=\"elementor-element elementor-element-58909ff e-flex e-con-boxed e-con e-parent\" data-id=\"58909ff\" data-element_type=\"container\">\n\t\t\t\t\t<div class=\"e-con-inner\">\n\t\t<div class=\"elementor-element elementor-element-c6f7b6b e-con-full e-flex elementor-invisible e-con e-child\" data-id=\"c6f7b6b\" data-element_type=\"container\" data-settings=\"{&quot;animation&quot;:&quot;fadeInUp&quot;}\">\n\t\t\t\t<div class=\"elementor-element elementor-element-b4e65c3 ekit-sticky--column elementor-widget elementor-widget-sidebar\" data-id=\"b4e65c3\" data-element_type=\"widget\" data-settings=\"{&quot;ekit_sticky&quot;:&quot;column&quot;,&quot;ekit_sticky_offset&quot;:{&quot;unit&quot;:&quot;px&quot;,&quot;size&quot;:40,&quot;sizes&quot;:[]},&quot;ekit_we_effect_on&quot;:&quot;none&quot;,&quot;ekit_sticky_offset_tablet&quot;:{&quot;unit&quot;:&quot;px&quot;,&quot;size&quot;:&quot;&quot;,&quot;sizes&quot;:[]},&quot;ekit_sticky_offset_mobile&quot;:{&quot;unit&quot;:&quot;px&quot;,&quot;size&quot;:&quot;&quot;,&quot;sizes&quot;:[]},&quot;ekit_sticky_on_desktop&quot;:&quot;desktop&quot;,&quot;ekit_sticky_effect_offset&quot;:{&quot;unit&quot;:&quot;px&quot;,&quot;size&quot;:0,&quot;sizes&quot;:[]},&quot;ekit_sticky_effect_offset_tablet&quot;:{&quot;unit&quot;:&quot;px&quot;,&quot;size&quot;:&quot;&quot;,&quot;sizes&quot;:[]},&quot;ekit_sticky_effect_offset_mobile&quot;:{&quot;unit&quot;:&quot;px&quot;,&quot;size&quot;:&quot;&quot;,&quot;sizes&quot;:[]}}\" data-widget_type=\"sidebar.default\">\n\t\t\t\t<div class=\"elementor-widget-container\">\n\t\t\t\t\t<aside id=\"nav_menu-1\" class=\"widget widget_nav_menu\"><div class=\"menu-services-menu-container\"><ul id=\"menu-services-menu\" class=\"menu\"><li id=\"menu-item-7883\" class=\"menu-item menu-item-type-post_type menu-item-object-page menu-item-7883\"><a href=\"https:\/\/www.protonenerji.com.tr\/urunler-ve-hizmetler\/kafes-direkler\/\">Lattice Poles<\/a><\/li>\n<li id=\"menu-item-9709\" class=\"menu-item menu-item-type-post_type menu-item-object-page menu-item-9709\"><a href=\"https:\/\/www.protonenerji.com.tr\/urunler-ve-hizmetler\/poligon-direkler\/\">Polygon Poles<\/a><\/li>\n<li id=\"menu-item-9706\" class=\"menu-item menu-item-type-post_type menu-item-object-page menu-item-9706\"><a href=\"https:\/\/www.protonenerji.com.tr\/urunler-ve-hizmetler\/demir-celik-urunler\/\">Iron and Steel Products<\/a><\/li>\n<li id=\"menu-item-9708\" class=\"menu-item menu-item-type-post_type menu-item-object-page menu-item-9708\"><a href=\"https:\/\/www.protonenerji.com.tr\/urunler-ve-hizmetler\/ozel-tasarim-imalatlar\/\">Special Design Manufacturing<\/a><\/li>\n<li id=\"menu-item-9707\" class=\"menu-item menu-item-type-post_type menu-item-object-page menu-item-9707\"><a href=\"https:\/\/www.protonenerji.com.tr\/urunler-ve-hizmetler\/kaynakli-projeler\/\">Funded Projects<\/a><\/li>\n<\/ul><\/div><\/aside><aside id=\"solor_need_help-1\" class=\"widget widget_solor_need_help\">\t\t\r\n\t\t<div class=\"sidebar-cta-box wow fadeInUp\">\r\n\t\t\t\t\t\t<div class=\"cta-image\">\r\n\t\t\t\t<figure class=\"image-anime\">\r\n\t\t\t\t\t<img decoding=\"async\" src=\"https:\/\/www.protonenerji.com.tr\/wp-content\/uploads\/2024\/10\/kalite-kontrol-sistemi-1200x675-1.png\" alt=\"\">\r\n\t\t\t\t<\/figure>\r\n\t\t\t<\/div>\r\n\t\t\t\t\t\t\r\n\t\t\t<div class=\"cta-content\">\r\n\t\t\t\t<div class=\"cta-icon\">\r\n\t\t\t\t\t<i class=\"fa-solid fa-phone-volume\"><\/i>\r\n\t\t\t\t<\/div>\r\n\t\t\t\t\r\n\t\t\t\t\t\t\t\t<h3>M\u00fc\u015fteri Deste\u011fi<\/h3>\r\n\t\t\t\t\t\t\t\t\t\t\t\t<p><a href=\"tel:+90 312 241 4311\">+90 312 241 4311<\/a><\/p>\r\n\t\t\t\t\t\t\t<\/div>\r\n\t\t<\/div>\r\n\t\t<\/aside>\t\t\t\t<\/div>\n\t\t\t\t<\/div>\n\t\t\t\t<\/div>\n\t\t<div class=\"elementor-element elementor-element-4ba67fa e-con-full e-flex e-con e-child\" data-id=\"4ba67fa\" data-element_type=\"container\">\n\t\t<div class=\"elementor-element elementor-element-8700ec1 e-con-full e-flex e-con e-child\" data-id=\"8700ec1\" data-element_type=\"container\">\n\t\t\t\t<div class=\"elementor-element elementor-element-2d66546 elementor-widget elementor-widget-text-editor\" data-id=\"2d66546\" data-element_type=\"widget\" data-settings=\"{&quot;ekit_we_effect_on&quot;:&quot;none&quot;}\" data-widget_type=\"text-editor.default\">\n\t\t\t\t<div class=\"elementor-widget-container\">\n\t\t\t\t\t\t\t\t\t<p>Especially in earthquake-prone geographical regions, steel construction structures where all load-bearing systems are made of steel are preferred. Steel construction systems that allow wide spans and heights in buildings are widely used in all kinds of industrial facilities, factory buildings, hangars, sports facilities, warehouses and workshops. <\/p>\n\t\t\t\t\t\t\t\t<\/div>\n\t\t\t\t<\/div>\n\t\t\t\t<\/div>\n\t\t<div class=\"elementor-element elementor-element-8512c9e e-con-full e-flex e-con e-child\" data-id=\"8512c9e\" data-element_type=\"container\">\n\t\t<div class=\"elementor-element elementor-element-b39e2e1 e-con-full e-flex e-con e-child\" data-id=\"b39e2e1\" data-element_type=\"container\">\n\t\t\t\t<div class=\"elementor-element elementor-element-16c339d image-anime solor-image-animation solor-animation-image-none elementor-widget elementor-widget-image\" data-id=\"16c339d\" data-element_type=\"widget\" data-settings=\"{&quot;ekit_we_effect_on&quot;:&quot;none&quot;}\" data-widget_type=\"image.default\">\n\t\t\t\t<div class=\"elementor-widget-container\">\n\t\t\t\t\t\t\t\t\t\t\t\t\t\t\t<img fetchpriority=\"high\" decoding=\"async\" width=\"800\" height=\"676\" src=\"https:\/\/www.protonenerji.com.tr\/wp-content\/uploads\/2024\/10\/endustriyel-tesisler.jpg\" class=\"attachment-full size-full wp-image-10755\" alt=\"\" srcset=\"https:\/\/www.protonenerji.com.tr\/wp-content\/uploads\/2024\/10\/endustriyel-tesisler.jpg 800w, https:\/\/www.protonenerji.com.tr\/wp-content\/uploads\/2024\/10\/endustriyel-tesisler-768x649.jpg 768w\" sizes=\"(max-width: 800px) 100vw, 800px\" \/>\t\t\t\t\t\t\t\t\t\t\t\t\t\t\t<\/div>\n\t\t\t\t<\/div>\n\t\t\t\t<\/div>\n\t\t<div class=\"elementor-element elementor-element-114901e e-con-full e-flex e-con e-child\" data-id=\"114901e\" data-element_type=\"container\">\n\t\t\t\t<div class=\"elementor-element elementor-element-40032ee elementor-widget elementor-widget-heading\" data-id=\"40032ee\" data-element_type=\"widget\" data-settings=\"{&quot;ekit_we_effect_on&quot;:&quot;none&quot;}\" data-widget_type=\"heading.default\">\n\t\t\t\t<div class=\"elementor-widget-container\">\n\t\t\t\t\t<h2 class=\"elementor-heading-title elementor-size-default\">Industrial Plants<\/h2>\t\t\t\t<\/div>\n\t\t\t\t<\/div>\n\t\t\t\t<div class=\"elementor-element elementor-element-c6d2a48 elementor-widget elementor-widget-text-editor\" data-id=\"c6d2a48\" data-element_type=\"widget\" data-settings=\"{&quot;ekit_we_effect_on&quot;:&quot;none&quot;}\" data-widget_type=\"text-editor.default\">\n\t\t\t\t<div class=\"elementor-widget-container\">\n\t\t\t\t\t\t\t\t\t<p>Industrial facilities are defined as large-scale structures where production, assembly and processing processes are carried out. They are usually found in the form of factories, workshops or storage areas and serve various sectors. These facilities are equipped with modern technologies to ensure high efficiency. They also contribute to economic growth by playing an important role in terms of labor, energy and raw material management.   <\/p>\n\t\t\t\t\t\t\t\t<\/div>\n\t\t\t\t<\/div>\n\t\t\t\t<\/div>\n\t\t\t\t<\/div>\n\t\t<div class=\"elementor-element elementor-element-a5a5cb6 e-con-full e-flex e-con e-child\" data-id=\"a5a5cb6\" data-element_type=\"container\">\n\t\t<div class=\"elementor-element elementor-element-aef2adf e-con-full e-flex e-con e-child\" data-id=\"aef2adf\" data-element_type=\"container\">\n\t\t\t\t<div class=\"elementor-element elementor-element-8398d2c elementor-widget elementor-widget-heading\" data-id=\"8398d2c\" data-element_type=\"widget\" data-settings=\"{&quot;ekit_we_effect_on&quot;:&quot;none&quot;}\" data-widget_type=\"heading.default\">\n\t\t\t\t<div class=\"elementor-widget-container\">\n\t\t\t\t\t<h2 class=\"elementor-heading-title elementor-size-default\">Earthquake Resistant Steel Houses<\/h2>\t\t\t\t<\/div>\n\t\t\t\t<\/div>\n\t\t\t\t<div class=\"elementor-element elementor-element-92ac027 elementor-widget elementor-widget-text-editor\" data-id=\"92ac027\" data-element_type=\"widget\" data-settings=\"{&quot;ekit_we_effect_on&quot;:&quot;none&quot;}\" data-widget_type=\"text-editor.default\">\n\t\t\t\t<div class=\"elementor-widget-container\">\n\t\t\t\t\t\t\t\t\t<p>Earthquake-resistant steel houses offer high resistance to seismic activity thanks to their strong and flexible structure. Steel material offers design flexibility while increasing the safety of buildings with its lightness and durability. They are also characterized by their rapid constructability and can be integrated with sustainable materials. They offer an ideal solution for providing a safe living space in earthquake zones.   <\/p>\n\t\t\t\t\t\t\t\t<\/div>\n\t\t\t\t<\/div>\n\t\t\t\t<\/div>\n\t\t<div class=\"elementor-element elementor-element-2e23ca9 e-con-full e-flex e-con e-child\" data-id=\"2e23ca9\" data-element_type=\"container\">\n\t\t\t\t<div class=\"elementor-element elementor-element-cfdfdd8 image-anime solor-image-animation solor-animation-image-none elementor-widget elementor-widget-image\" data-id=\"cfdfdd8\" data-element_type=\"widget\" data-settings=\"{&quot;ekit_we_effect_on&quot;:&quot;none&quot;}\" data-widget_type=\"image.default\">\n\t\t\t\t<div class=\"elementor-widget-container\">\n\t\t\t\t\t\t\t\t\t\t\t\t\t\t\t<img decoding=\"async\" width=\"800\" height=\"676\" src=\"https:\/\/www.protonenerji.com.tr\/wp-content\/uploads\/2024\/10\/Adsiz-1366-x-768-piksel-800-x-962-piksel-800-x-676-piksel-3.jpg\" class=\"attachment-full size-full wp-image-10715\" alt=\"\" srcset=\"https:\/\/www.protonenerji.com.tr\/wp-content\/uploads\/2024\/10\/Adsiz-1366-x-768-piksel-800-x-962-piksel-800-x-676-piksel-3.jpg 800w, https:\/\/www.protonenerji.com.tr\/wp-content\/uploads\/2024\/10\/Adsiz-1366-x-768-piksel-800-x-962-piksel-800-x-676-piksel-3-768x649.jpg 768w\" sizes=\"(max-width: 800px) 100vw, 800px\" \/>\t\t\t\t\t\t\t\t\t\t\t\t\t\t\t<\/div>\n\t\t\t\t<\/div>\n\t\t\t\t<\/div>\n\t\t\t\t<\/div>\n\t\t\t\t<\/div>\n\t\t\t\t\t<\/div>\n\t\t\t\t<\/div>\n\t\t\t\t<\/div>\n\t\t","protected":false},"excerpt":{"rendered":"<p>Iron and Steel Products Home Especially in earthquake-prone geographical regions, steel construction structures where all load-bearing systems are made of steel are preferred. Steel construction systems that allow wide spans and heights in buildings are widely used in all kinds of industrial facilities, factory buildings, hangars, sports facilities, warehouses and workshops. Industrial Plants Industrial facilities [&hellip;]<\/p>\n","protected":false},"author":1,"featured_media":0,"parent":10913,"menu_order":0,"comment_status":"closed","ping_status":"closed","template":"elementor_header_footer","meta":{"footnotes":""},"class_list":["post-10931","page","type-page","status-publish","hentry"],"yoast_head":"<!-- This site is optimized with the Yoast SEO plugin v25.4 - https:\/\/yoast.com\/wordpress\/plugins\/seo\/ -->\n<title>Energy | Telecommunications | Lighting and Transportation | Renewable Energy<\/title>\n<meta name=\"description\" content=\"Energy | Telecommunications | Lighting and Transportation | Renewable Energy\" \/>\n<meta name=\"robots\" content=\"index, follow, max-snippet:-1, max-image-preview:large, max-video-preview:-1\" \/>\n<link rel=\"canonical\" href=\"https:\/\/www.protonenerji.com.tr\/en\/products-and-services\/iron-and-steel-products\/\" \/>\n<meta property=\"og:locale\" content=\"en_US\" \/>\n<meta property=\"og:type\" content=\"article\" \/>\n<meta property=\"og:title\" content=\"Energy | Telecommunications | Lighting and Transportation | Renewable Energy\" \/>\n<meta property=\"og:description\" content=\"Energy | Telecommunications | Lighting and Transportation | Renewable Energy\" \/>\n<meta property=\"og:url\" content=\"https:\/\/www.protonenerji.com.tr\/en\/products-and-services\/iron-and-steel-products\/\" \/>\n<meta property=\"og:site_name\" content=\"Proton Enerji\" \/>\n<meta property=\"article:publisher\" content=\"https:\/\/www.facebook.com\/search\/top?q=aydos%20asans%c3%b6r\" \/>\n<meta property=\"article:modified_time\" content=\"2024-10-24T17:09:15+00:00\" \/>\n<meta property=\"og:image\" content=\"https:\/\/www.protonenerji.com.tr\/wp-content\/uploads\/2024\/10\/endustriyel-tesisler.jpg\" \/>\n<meta name=\"twitter:card\" content=\"summary_large_image\" \/>\n<meta name=\"twitter:label1\" content=\"Est. reading time\" \/>\n\t<meta name=\"twitter:data1\" content=\"1 minute\" \/>\n<script type=\"application\/ld+json\" class=\"yoast-schema-graph\">{\"@context\":\"https:\/\/schema.org\",\"@graph\":[{\"@type\":\"WebPage\",\"@id\":\"https:\/\/www.protonenerji.com.tr\/en\/products-and-services\/iron-and-steel-products\/\",\"url\":\"https:\/\/www.protonenerji.com.tr\/en\/products-and-services\/iron-and-steel-products\/\",\"name\":\"Energy | Telecommunications | Lighting and Transportation | Renewable Energy\",\"isPartOf\":{\"@id\":\"https:\/\/www.protonenerji.com.tr\/en\/#website\"},\"primaryImageOfPage\":{\"@id\":\"https:\/\/www.protonenerji.com.tr\/en\/products-and-services\/iron-and-steel-products\/#primaryimage\"},\"image\":{\"@id\":\"https:\/\/www.protonenerji.com.tr\/en\/products-and-services\/iron-and-steel-products\/#primaryimage\"},\"thumbnailUrl\":\"https:\/\/www.protonenerji.com.tr\/wp-content\/uploads\/2024\/10\/endustriyel-tesisler.jpg\",\"datePublished\":\"2024-10-18T16:16:32+00:00\",\"dateModified\":\"2024-10-24T17:09:15+00:00\",\"description\":\"Energy | Telecommunications | Lighting and Transportation | Renewable Energy\",\"breadcrumb\":{\"@id\":\"https:\/\/www.protonenerji.com.tr\/en\/products-and-services\/iron-and-steel-products\/#breadcrumb\"},\"inLanguage\":\"en-US\",\"potentialAction\":[{\"@type\":\"ReadAction\",\"target\":[\"https:\/\/www.protonenerji.com.tr\/en\/products-and-services\/iron-and-steel-products\/\"]}]},{\"@type\":\"ImageObject\",\"inLanguage\":\"en-US\",\"@id\":\"https:\/\/www.protonenerji.com.tr\/en\/products-and-services\/iron-and-steel-products\/#primaryimage\",\"url\":\"https:\/\/www.protonenerji.com.tr\/wp-content\/uploads\/2024\/10\/endustriyel-tesisler.jpg\",\"contentUrl\":\"https:\/\/www.protonenerji.com.tr\/wp-content\/uploads\/2024\/10\/endustriyel-tesisler.jpg\"},{\"@type\":\"BreadcrumbList\",\"@id\":\"https:\/\/www.protonenerji.com.tr\/en\/products-and-services\/iron-and-steel-products\/#breadcrumb\",\"itemListElement\":[{\"@type\":\"ListItem\",\"position\":1,\"name\":\"Anasayfa\",\"item\":\"https:\/\/www.protonenerji.com.tr\/en\/\"},{\"@type\":\"ListItem\",\"position\":2,\"name\":\"Products and Services\",\"item\":\"https:\/\/www.protonenerji.com.tr\/en\/products-and-services\/\"},{\"@type\":\"ListItem\",\"position\":3,\"name\":\"Iron and Steel Products\"}]},{\"@type\":\"WebSite\",\"@id\":\"https:\/\/www.protonenerji.com.tr\/en\/#website\",\"url\":\"https:\/\/www.protonenerji.com.tr\/en\/\",\"name\":\"Proton Enerji\",\"description\":\"Enerji | Telekom\u00fcnikasyon | Ayd\u0131nlatma ve Ula\u015f\u0131m | Yenilenebilir Enerji\",\"publisher\":{\"@id\":\"https:\/\/www.protonenerji.com.tr\/en\/#organization\"},\"potentialAction\":[{\"@type\":\"SearchAction\",\"target\":{\"@type\":\"EntryPoint\",\"urlTemplate\":\"https:\/\/www.protonenerji.com.tr\/en\/?s={search_term_string}\"},\"query-input\":{\"@type\":\"PropertyValueSpecification\",\"valueRequired\":true,\"valueName\":\"search_term_string\"}}],\"inLanguage\":\"en-US\"},{\"@type\":\"Organization\",\"@id\":\"https:\/\/www.protonenerji.com.tr\/en\/#organization\",\"name\":\"Aydos Asans\u00f6r Montaj ve Bak\u0131m Servisi\",\"url\":\"https:\/\/www.protonenerji.com.tr\/en\/\",\"logo\":{\"@type\":\"ImageObject\",\"inLanguage\":\"en-US\",\"@id\":\"https:\/\/www.protonenerji.com.tr\/en\/#\/schema\/logo\/image\/\",\"url\":\"https:\/\/www.protonenerji.com.tr\/wp-content\/uploads\/2021\/10\/aydos-asansor-beyaz.png\",\"contentUrl\":\"https:\/\/www.protonenerji.com.tr\/wp-content\/uploads\/2021\/10\/aydos-asansor-beyaz.png\",\"width\":954,\"height\":319,\"caption\":\"Aydos Asans\u00f6r Montaj ve Bak\u0131m Servisi\"},\"image\":{\"@id\":\"https:\/\/www.protonenerji.com.tr\/en\/#\/schema\/logo\/image\/\"},\"sameAs\":[\"https:\/\/www.facebook.com\/search\/top?q=aydos asans\u00f6r\"]}]}<\/script>\n<!-- \/ Yoast SEO plugin. -->","yoast_head_json":{"title":"Energy | Telecommunications | Lighting and Transportation | Renewable Energy","description":"Energy | Telecommunications | Lighting and Transportation | Renewable Energy","robots":{"index":"index","follow":"follow","max-snippet":"max-snippet:-1","max-image-preview":"max-image-preview:large","max-video-preview":"max-video-preview:-1"},"canonical":"https:\/\/www.protonenerji.com.tr\/en\/products-and-services\/iron-and-steel-products\/","og_locale":"en_US","og_type":"article","og_title":"Energy | Telecommunications | Lighting and Transportation | Renewable Energy","og_description":"Energy | Telecommunications | Lighting and Transportation | Renewable Energy","og_url":"https:\/\/www.protonenerji.com.tr\/en\/products-and-services\/iron-and-steel-products\/","og_site_name":"Proton Enerji","article_publisher":"https:\/\/www.facebook.com\/search\/top?q=aydos%20asans%c3%b6r","article_modified_time":"2024-10-24T17:09:15+00:00","og_image":[{"url":"https:\/\/www.protonenerji.com.tr\/wp-content\/uploads\/2024\/10\/endustriyel-tesisler.jpg","type":"","width":"","height":""}],"twitter_card":"summary_large_image","twitter_misc":{"Est. reading time":"1 minute"},"schema":{"@context":"https:\/\/schema.org","@graph":[{"@type":"WebPage","@id":"https:\/\/www.protonenerji.com.tr\/en\/products-and-services\/iron-and-steel-products\/","url":"https:\/\/www.protonenerji.com.tr\/en\/products-and-services\/iron-and-steel-products\/","name":"Energy | Telecommunications | Lighting and Transportation | Renewable Energy","isPartOf":{"@id":"https:\/\/www.protonenerji.com.tr\/en\/#website"},"primaryImageOfPage":{"@id":"https:\/\/www.protonenerji.com.tr\/en\/products-and-services\/iron-and-steel-products\/#primaryimage"},"image":{"@id":"https:\/\/www.protonenerji.com.tr\/en\/products-and-services\/iron-and-steel-products\/#primaryimage"},"thumbnailUrl":"https:\/\/www.protonenerji.com.tr\/wp-content\/uploads\/2024\/10\/endustriyel-tesisler.jpg","datePublished":"2024-10-18T16:16:32+00:00","dateModified":"2024-10-24T17:09:15+00:00","description":"Energy | Telecommunications | Lighting and Transportation | Renewable Energy","breadcrumb":{"@id":"https:\/\/www.protonenerji.com.tr\/en\/products-and-services\/iron-and-steel-products\/#breadcrumb"},"inLanguage":"en-US","potentialAction":[{"@type":"ReadAction","target":["https:\/\/www.protonenerji.com.tr\/en\/products-and-services\/iron-and-steel-products\/"]}]},{"@type":"ImageObject","inLanguage":"en-US","@id":"https:\/\/www.protonenerji.com.tr\/en\/products-and-services\/iron-and-steel-products\/#primaryimage","url":"https:\/\/www.protonenerji.com.tr\/wp-content\/uploads\/2024\/10\/endustriyel-tesisler.jpg","contentUrl":"https:\/\/www.protonenerji.com.tr\/wp-content\/uploads\/2024\/10\/endustriyel-tesisler.jpg"},{"@type":"BreadcrumbList","@id":"https:\/\/www.protonenerji.com.tr\/en\/products-and-services\/iron-and-steel-products\/#breadcrumb","itemListElement":[{"@type":"ListItem","position":1,"name":"Anasayfa","item":"https:\/\/www.protonenerji.com.tr\/en\/"},{"@type":"ListItem","position":2,"name":"Products and Services","item":"https:\/\/www.protonenerji.com.tr\/en\/products-and-services\/"},{"@type":"ListItem","position":3,"name":"Iron and Steel Products"}]},{"@type":"WebSite","@id":"https:\/\/www.protonenerji.com.tr\/en\/#website","url":"https:\/\/www.protonenerji.com.tr\/en\/","name":"Proton Enerji","description":"Enerji | Telekom\u00fcnikasyon | Ayd\u0131nlatma ve Ula\u015f\u0131m | Yenilenebilir Enerji","publisher":{"@id":"https:\/\/www.protonenerji.com.tr\/en\/#organization"},"potentialAction":[{"@type":"SearchAction","target":{"@type":"EntryPoint","urlTemplate":"https:\/\/www.protonenerji.com.tr\/en\/?s={search_term_string}"},"query-input":{"@type":"PropertyValueSpecification","valueRequired":true,"valueName":"search_term_string"}}],"inLanguage":"en-US"},{"@type":"Organization","@id":"https:\/\/www.protonenerji.com.tr\/en\/#organization","name":"Aydos Asans\u00f6r Montaj ve Bak\u0131m Servisi","url":"https:\/\/www.protonenerji.com.tr\/en\/","logo":{"@type":"ImageObject","inLanguage":"en-US","@id":"https:\/\/www.protonenerji.com.tr\/en\/#\/schema\/logo\/image\/","url":"https:\/\/www.protonenerji.com.tr\/wp-content\/uploads\/2021\/10\/aydos-asansor-beyaz.png","contentUrl":"https:\/\/www.protonenerji.com.tr\/wp-content\/uploads\/2021\/10\/aydos-asansor-beyaz.png","width":954,"height":319,"caption":"Aydos Asans\u00f6r Montaj ve Bak\u0131m Servisi"},"image":{"@id":"https:\/\/www.protonenerji.com.tr\/en\/#\/schema\/logo\/image\/"},"sameAs":["https:\/\/www.facebook.com\/search\/top?q=aydos asans\u00f6r"]}]}},"_links":{"self":[{"href":"https:\/\/www.protonenerji.com.tr\/en\/wp-json\/wp\/v2\/pages\/10931","targetHints":{"allow":["GET"]}}],"collection":[{"href":"https:\/\/www.protonenerji.com.tr\/en\/wp-json\/wp\/v2\/pages"}],"about":[{"href":"https:\/\/www.protonenerji.com.tr\/en\/wp-json\/wp\/v2\/types\/page"}],"author":[{"embeddable":true,"href":"https:\/\/www.protonenerji.com.tr\/en\/wp-json\/wp\/v2\/users\/1"}],"replies":[{"embeddable":true,"href":"https:\/\/www.protonenerji.com.tr\/en\/wp-json\/wp\/v2\/comments?post=10931"}],"version-history":[{"count":1,"href":"https:\/\/www.protonenerji.com.tr\/en\/wp-json\/wp\/v2\/pages\/10931\/revisions"}],"predecessor-version":[{"id":10932,"href":"https:\/\/www.protonenerji.com.tr\/en\/wp-json\/wp\/v2\/pages\/10931\/revisions\/10932"}],"up":[{"embeddable":true,"href":"https:\/\/www.protonenerji.com.tr\/en\/wp-json\/wp\/v2\/pages\/10913"}],"wp:attachment":[{"href":"https:\/\/www.protonenerji.com.tr\/en\/wp-json\/wp\/v2\/media?parent=10931"}],"curies":[{"name":"wp","href":"https:\/\/api.w.org\/{rel}","templated":true}]}}