{"id":10870,"date":"2024-10-18T22:46:38","date_gmt":"2024-10-18T19:46:38","guid":{"rendered":"https:\/\/www.protonenerji.com.tr\/ethical-principles-and-social-compliance\/"},"modified":"2024-10-20T23:51:16","modified_gmt":"2024-10-20T20:51:16","slug":"ethical-principles-and-social-compliance","status":"publish","type":"page","link":"https:\/\/www.protonenerji.com.tr\/en\/ethical-principles-and-social-compliance\/","title":{"rendered":"Ethical Principles and Social Compliance"},"content":{"rendered":"\t\t<div data-elementor-type=\"wp-page\" data-elementor-id=\"10870\" class=\"elementor elementor-10870 elementor-9651\">\n\t\t\t\t<div class=\"elementor-element elementor-element-190a185 parallaxie e-flex e-con-boxed e-con e-parent\" data-id=\"190a185\" data-element_type=\"container\" data-settings=\"{&quot;background_background&quot;:&quot;video&quot;,&quot;background_video_link&quot;:&quot;https:\\\/\\\/www.protonenerji.com.tr\\\/wp-content\\\/uploads\\\/2024\\\/10\\\/proton-slayt.mp4&quot;,&quot;background_play_on_mobile&quot;:&quot;yes&quot;}\">\n\t\t\t\t\t<div class=\"e-con-inner\">\n\t\t<div class=\"elementor-background-video-container\">\n\t\t\t\t\t\t\t<video class=\"elementor-background-video-hosted\" autoplay muted playsinline loop><\/video>\n\t\t\t\t\t<\/div><div class=\"elementor-element elementor-element-4dbf025 e-con-full e-flex e-con e-child\" data-id=\"4dbf025\" data-element_type=\"container\">\n\t\t\t\t<div class=\"elementor-element elementor-element-644d226 solor-heading-animation solor-animation-heading-style-2 elementor-widget elementor-widget-heading\" data-id=\"644d226\" data-element_type=\"widget\" data-settings=\"{&quot;ekit_we_effect_on&quot;:&quot;none&quot;}\" data-widget_type=\"heading.default\">\n\t\t\t\t<div class=\"elementor-widget-container\">\n\t\t\t\t\t<h1 class=\"elementor-heading-title elementor-size-default\">Ethical Principles and Social Compliance<\/h1>\t\t\t\t<\/div>\n\t\t\t\t<\/div>\n\t\t\t\t<div class=\"elementor-element elementor-element-b14ea8c elementor-invisible elementor-widget elementor-widget-elementskit-breadcrumb\" data-id=\"b14ea8c\" data-element_type=\"widget\" data-settings=\"{&quot;_animation&quot;:&quot;fadeInUp&quot;,&quot;ekit_we_effect_on&quot;:&quot;none&quot;}\" data-widget_type=\"elementskit-breadcrumb.default\">\n\t\t\t\t<div class=\"elementor-widget-container\">\n\t\t\t\t\t<div class=\"ekit-wid-con\" ><ol class=\"ekit-breadcrumb\"><li class=\"ekit_breadcrumbs_start\"><a href=\"https:\/\/www.protonenerji.com.tr\/en\/\">Home<\/a><\/li><\/ol><\/div>\t\t\t\t<\/div>\n\t\t\t\t<\/div>\n\t\t\t\t<\/div>\n\t\t\t\t\t<\/div>\n\t\t\t\t<\/div>\n\t\t<div class=\"elementor-element elementor-element-2d125ee e-flex e-con-boxed e-con e-parent\" data-id=\"2d125ee\" data-element_type=\"container\">\n\t\t\t\t\t<div class=\"e-con-inner\">\n\t\t<div class=\"elementor-element elementor-element-69c230f e-con-full e-flex elementor-invisible e-con e-child\" data-id=\"69c230f\" data-element_type=\"container\" data-settings=\"{&quot;animation&quot;:&quot;fadeInUp&quot;}\">\n\t\t<div class=\"elementor-element elementor-element-05d616f project-sidebar e-flex e-con-boxed e-con e-child\" data-id=\"05d616f\" data-element_type=\"container\" data-settings=\"{&quot;background_background&quot;:&quot;classic&quot;,&quot;animation&quot;:&quot;none&quot;}\">\n\t\t\t\t\t<div class=\"e-con-inner\">\n\t\t\t\t<div class=\"elementor-element elementor-element-8e1ba57 solor-heading-animation solor-animation-heading-none elementor-widget elementor-widget-heading\" data-id=\"8e1ba57\" data-element_type=\"widget\" data-settings=\"{&quot;ekit_we_effect_on&quot;:&quot;none&quot;}\" data-widget_type=\"heading.default\">\n\t\t\t\t<div class=\"elementor-widget-container\">\n\t\t\t\t\t<h2 class=\"elementor-heading-title elementor-size-default\">Social Responsibility\n<\/h2>\t\t\t\t<\/div>\n\t\t\t\t<\/div>\n\t\t\t\t<div class=\"elementor-element elementor-element-60a3c82 elementor-view-stacked elementor-shape-square elementor-position-left elementor-mobile-position-left elementor-vertical-align-top elementor-widget elementor-widget-icon-box\" data-id=\"60a3c82\" data-element_type=\"widget\" data-settings=\"{&quot;ekit_we_effect_on&quot;:&quot;none&quot;}\" data-widget_type=\"icon-box.default\">\n\t\t\t\t<div class=\"elementor-widget-container\">\n\t\t\t\t\t\t\t<div class=\"elementor-icon-box-wrapper\">\n\n\t\t\t\t\t\t<div class=\"elementor-icon-box-icon\">\n\t\t\t\t<span  class=\"elementor-icon\">\n\t\t\t\t\t\t\t\t<\/span>\n\t\t\t<\/div>\n\t\t\t\n\t\t\t\t\t\t<div class=\"elementor-icon-box-content\">\n\n\t\t\t\t\n\t\t\t\t\t\t\t\t\t<p class=\"elementor-icon-box-description\">\n\t\t\t\t\t\tProton Energy aims to provide energy solutions with minimal damage to the environment by using renewable energy sources in the most efficient way. Energy from renewable sources such as solar, wind and biomass reduces dependence on fossil fuels and minimizes carbon dioxide emissions. \n\t\t\t\t\t<\/p>\n\t\t\t\t\n\t\t\t<\/div>\n\t\t\t\n\t\t<\/div>\n\t\t\t\t\t\t<\/div>\n\t\t\t\t<\/div>\n\t\t\t\t\t<\/div>\n\t\t\t\t<\/div>\n\t\t\t\t<\/div>\n\t\t<div class=\"elementor-element elementor-element-4eaf9e1 e-con-full e-flex elementor-invisible e-con e-child\" data-id=\"4eaf9e1\" data-element_type=\"container\" data-settings=\"{&quot;animation&quot;:&quot;fadeInUp&quot;,&quot;animation_delay&quot;:100}\">\n\t\t<div class=\"elementor-element elementor-element-d49c864 e-flex e-con-boxed e-con e-child\" data-id=\"d49c864\" data-element_type=\"container\" data-settings=\"{&quot;animation&quot;:&quot;none&quot;}\">\n\t\t\t\t\t<div class=\"e-con-inner\">\n\t\t\t\t<div class=\"elementor-element elementor-element-17feb4c image-anime solor-image-animation solor-animation-image-none elementor-widget elementor-widget-image\" data-id=\"17feb4c\" data-element_type=\"widget\" data-settings=\"{&quot;ekit_we_effect_on&quot;:&quot;none&quot;}\" data-widget_type=\"image.default\">\n\t\t\t\t<div class=\"elementor-widget-container\">\n\t\t\t\t\t\t\t\t\t\t\t\t\t\t\t<img fetchpriority=\"high\" decoding=\"async\" width=\"1280\" height=\"720\" src=\"https:\/\/www.protonenerji.com.tr\/wp-content\/uploads\/2024\/10\/etik-2.jpg\" class=\"attachment-full size-full wp-image-10791\" alt=\"\" srcset=\"https:\/\/www.protonenerji.com.tr\/wp-content\/uploads\/2024\/10\/etik-2.jpg 1280w, https:\/\/www.protonenerji.com.tr\/wp-content\/uploads\/2024\/10\/etik-2-1024x576.jpg 1024w, https:\/\/www.protonenerji.com.tr\/wp-content\/uploads\/2024\/10\/etik-2-768x432.jpg 768w\" sizes=\"(max-width: 1280px) 100vw, 1280px\" \/>\t\t\t\t\t\t\t\t\t\t\t\t\t\t\t<\/div>\n\t\t\t\t<\/div>\n\t\t\t\t\t<\/div>\n\t\t\t\t<\/div>\n\t\t<div class=\"elementor-element elementor-element-be94041 e-flex e-con-boxed e-con e-child\" data-id=\"be94041\" data-element_type=\"container\">\n\t\t\t\t\t<div class=\"e-con-inner\">\n\t\t\t\t<div class=\"elementor-element elementor-element-3718dc6 solor-heading-animation solor-animation-heading-none elementor-widget elementor-widget-heading\" data-id=\"3718dc6\" data-element_type=\"widget\" data-settings=\"{&quot;ekit_we_effect_on&quot;:&quot;none&quot;}\" data-widget_type=\"heading.default\">\n\t\t\t\t<div class=\"elementor-widget-container\">\n\t\t\t\t\t<h2 class=\"elementor-heading-title elementor-size-default\">Ethical Principles and Social Compliance<\/h2>\t\t\t\t<\/div>\n\t\t\t\t<\/div>\n\t\t\t\t<div class=\"elementor-element elementor-element-9ca9cb8 elementor-widget elementor-widget-text-editor\" data-id=\"9ca9cb8\" data-element_type=\"widget\" data-settings=\"{&quot;ekit_we_effect_on&quot;:&quot;none&quot;}\" data-widget_type=\"text-editor.default\">\n\t\t\t\t<div class=\"elementor-widget-container\">\n\t\t\t\t\t\t\t\t\t<p>As a provider of innovative energy solutions, Proton Energy attaches great importance not only to environmental sustainability but also to ethical principles and social compliance. In today&#8217;s business world, ethical values and social responsibilities have become factors that directly affect a company&#8217;s reputation and success. In this blog post, we will examine Proton Energy&#8217;s approach to ethical principles and social compliance.  <\/p>\n<h4>Ethical Principles<\/h4>\n<p>Proton Energy adheres to certain ethical principles in terms of business conduct and corporate culture:<\/p>\n<ol>\n<li>\n<p>Transparency The Company adopts a transparent communication policy in all its activities. By establishing an open dialog with its stakeholders, it aims to increase accountability in decision-making processes. <\/p>\n<\/li>\n<li>\n<p>Fairness It has the principle of fair treatment towards employees, customers and suppliers. Providing equal opportunities, standing against discrimination and supporting ethical business practices are among Proton Energy&#8217;s core values. <\/p>\n<\/li>\n<li>\n<p>Responsibility: The company cares about taking responsibility for the environmental and social impacts of its activities. In this context, it takes proactive measures to prevent harm to the environment and society. <\/p>\n<\/li>\n<li>\n<p>Respect for Human Rights: Proton Energy is committed to providing a dignified and safe working environment by respecting the human rights of all employees.<\/p>\n<\/li>\n<\/ol>\n<h4>Social Cohesion<\/h4>\n<p>Proton Energy has also developed various strategies for social cohesion. These strategies aim to strengthen the company&#8217;s relations with local communities and contribute to society through social responsibility projects. <\/p>\n<ol>\n<li>\n<p>Collaboration with Communities: Proton Energy develops social projects in cooperation with local communities in the regions where it operates. These projects range from education to environmental protection. <\/p>\n<\/li>\n<li>\n<p>Education and Awareness: Organizes various training programs to raise environmental awareness. These programs aim to increase the environmental knowledge of both employees and society. <\/p>\n<\/li>\n<li>\n<p>Social Responsibility Projects: Proton Energy shows sensitivity to local needs through social responsibility projects. It aims to raise awareness on energy saving, sustainable agriculture and renewable energy. <\/p>\n<\/li>\n<li>\n<p>Employee Participation: Employees are encouraged to participate in social responsibility projects. This both increases employee engagement and strengthens the positive impact on society. <\/p>\n<\/li>\n<\/ol>\n<h4>Conclusion<\/h4>\n<div> <\/div>\n<p>With its ethical principles and commitment to social compliance, Proton Energy aims to create positive change not only in the energy sector but also in society. Values such as transparency, fairness and responsibility form the foundation of the company, while efforts to contribute to society through social projects play a critical role for a sustainable future. <\/p>\n<p>This approach takes Proton Energy beyond being just an energy producer and makes it a socially sensitive company. Prioritizing ethics and social responsibility in the process of meeting energy needs will benefit both the company and society. <\/p>\n\t\t\t\t\t\t\t\t<\/div>\n\t\t\t\t<\/div>\n\t\t\t\t\t<\/div>\n\t\t\t\t<\/div>\n\t\t\t\t<\/div>\n\t\t\t\t\t<\/div>\n\t\t\t\t<\/div>\n\t\t\t\t<\/div>\n\t\t","protected":false},"excerpt":{"rendered":"<p>Ethical Principles and Social Compliance Home Social Responsibility Proton Energy aims to provide energy solutions with minimal damage to the environment by using renewable energy sources in the most efficient way. Energy from renewable sources such as solar, wind and biomass reduces dependence on fossil fuels and minimizes carbon dioxide emissions. Ethical Principles and Social [&hellip;]<\/p>\n","protected":false},"author":1,"featured_media":0,"parent":0,"menu_order":0,"comment_status":"closed","ping_status":"closed","template":"elementor_header_footer","meta":{"footnotes":""},"class_list":["post-10870","page","type-page","status-publish","hentry"],"yoast_head":"<!-- This site is optimized with the Yoast SEO plugin v25.4 - https:\/\/yoast.com\/wordpress\/plugins\/seo\/ -->\n<title>Ethical Principles and Social Compliance<\/title>\n<meta name=\"description\" content=\"Ethical Principles and Social Compliance\" \/>\n<meta name=\"robots\" content=\"index, follow, max-snippet:-1, max-image-preview:large, max-video-preview:-1\" \/>\n<link rel=\"canonical\" href=\"https:\/\/www.protonenerji.com.tr\/en\/ethical-principles-and-social-compliance\/\" \/>\n<meta property=\"og:locale\" content=\"en_US\" \/>\n<meta property=\"og:type\" content=\"article\" \/>\n<meta property=\"og:title\" content=\"Ethical Principles and Social Compliance\" \/>\n<meta property=\"og:description\" content=\"Ethical Principles and Social Compliance\" \/>\n<meta property=\"og:url\" content=\"https:\/\/www.protonenerji.com.tr\/en\/ethical-principles-and-social-compliance\/\" \/>\n<meta property=\"og:site_name\" content=\"Proton Enerji\" \/>\n<meta property=\"article:publisher\" content=\"https:\/\/www.facebook.com\/search\/top?q=aydos%20asans%c3%b6r\" \/>\n<meta property=\"article:modified_time\" content=\"2024-10-20T20:51:16+00:00\" \/>\n<meta property=\"og:image\" content=\"https:\/\/www.protonenerji.com.tr\/wp-content\/uploads\/2024\/10\/etik-2.jpg\" \/>\n\t<meta property=\"og:image:width\" content=\"1280\" \/>\n\t<meta property=\"og:image:height\" content=\"720\" \/>\n\t<meta property=\"og:image:type\" content=\"image\/jpeg\" \/>\n<meta name=\"twitter:card\" content=\"summary_large_image\" \/>\n<meta name=\"twitter:label1\" content=\"Est. reading time\" \/>\n\t<meta name=\"twitter:data1\" content=\"2 minutes\" \/>\n<script type=\"application\/ld+json\" class=\"yoast-schema-graph\">{\"@context\":\"https:\/\/schema.org\",\"@graph\":[{\"@type\":\"WebPage\",\"@id\":\"https:\/\/www.protonenerji.com.tr\/en\/ethical-principles-and-social-compliance\/\",\"url\":\"https:\/\/www.protonenerji.com.tr\/en\/ethical-principles-and-social-compliance\/\",\"name\":\"Ethical Principles and Social Compliance\",\"isPartOf\":{\"@id\":\"https:\/\/www.protonenerji.com.tr\/en\/#website\"},\"primaryImageOfPage\":{\"@id\":\"https:\/\/www.protonenerji.com.tr\/en\/ethical-principles-and-social-compliance\/#primaryimage\"},\"image\":{\"@id\":\"https:\/\/www.protonenerji.com.tr\/en\/ethical-principles-and-social-compliance\/#primaryimage\"},\"thumbnailUrl\":\"https:\/\/www.protonenerji.com.tr\/wp-content\/uploads\/2024\/10\/etik-2.jpg\",\"datePublished\":\"2024-10-18T19:46:38+00:00\",\"dateModified\":\"2024-10-20T20:51:16+00:00\",\"description\":\"Ethical Principles and Social Compliance\",\"breadcrumb\":{\"@id\":\"https:\/\/www.protonenerji.com.tr\/en\/ethical-principles-and-social-compliance\/#breadcrumb\"},\"inLanguage\":\"en-US\",\"potentialAction\":[{\"@type\":\"ReadAction\",\"target\":[\"https:\/\/www.protonenerji.com.tr\/en\/ethical-principles-and-social-compliance\/\"]}]},{\"@type\":\"ImageObject\",\"inLanguage\":\"en-US\",\"@id\":\"https:\/\/www.protonenerji.com.tr\/en\/ethical-principles-and-social-compliance\/#primaryimage\",\"url\":\"https:\/\/www.protonenerji.com.tr\/wp-content\/uploads\/2024\/10\/etik-2.jpg\",\"contentUrl\":\"https:\/\/www.protonenerji.com.tr\/wp-content\/uploads\/2024\/10\/etik-2.jpg\"},{\"@type\":\"BreadcrumbList\",\"@id\":\"https:\/\/www.protonenerji.com.tr\/en\/ethical-principles-and-social-compliance\/#breadcrumb\",\"itemListElement\":[{\"@type\":\"ListItem\",\"position\":1,\"name\":\"Anasayfa\",\"item\":\"https:\/\/www.protonenerji.com.tr\/en\/\"},{\"@type\":\"ListItem\",\"position\":2,\"name\":\"Ethical Principles and Social Compliance\"}]},{\"@type\":\"WebSite\",\"@id\":\"https:\/\/www.protonenerji.com.tr\/en\/#website\",\"url\":\"https:\/\/www.protonenerji.com.tr\/en\/\",\"name\":\"Proton Enerji\",\"description\":\"Enerji | Telekom\u00fcnikasyon | Ayd\u0131nlatma ve Ula\u015f\u0131m | Yenilenebilir Enerji\",\"publisher\":{\"@id\":\"https:\/\/www.protonenerji.com.tr\/en\/#organization\"},\"potentialAction\":[{\"@type\":\"SearchAction\",\"target\":{\"@type\":\"EntryPoint\",\"urlTemplate\":\"https:\/\/www.protonenerji.com.tr\/en\/?s={search_term_string}\"},\"query-input\":{\"@type\":\"PropertyValueSpecification\",\"valueRequired\":true,\"valueName\":\"search_term_string\"}}],\"inLanguage\":\"en-US\"},{\"@type\":\"Organization\",\"@id\":\"https:\/\/www.protonenerji.com.tr\/en\/#organization\",\"name\":\"Aydos Asans\u00f6r Montaj ve Bak\u0131m Servisi\",\"url\":\"https:\/\/www.protonenerji.com.tr\/en\/\",\"logo\":{\"@type\":\"ImageObject\",\"inLanguage\":\"en-US\",\"@id\":\"https:\/\/www.protonenerji.com.tr\/en\/#\/schema\/logo\/image\/\",\"url\":\"https:\/\/www.protonenerji.com.tr\/wp-content\/uploads\/2021\/10\/aydos-asansor-beyaz.png\",\"contentUrl\":\"https:\/\/www.protonenerji.com.tr\/wp-content\/uploads\/2021\/10\/aydos-asansor-beyaz.png\",\"width\":954,\"height\":319,\"caption\":\"Aydos Asans\u00f6r Montaj ve Bak\u0131m Servisi\"},\"image\":{\"@id\":\"https:\/\/www.protonenerji.com.tr\/en\/#\/schema\/logo\/image\/\"},\"sameAs\":[\"https:\/\/www.facebook.com\/search\/top?q=aydos asans\u00f6r\"]}]}<\/script>\n<!-- \/ Yoast SEO plugin. -->","yoast_head_json":{"title":"Ethical Principles and Social Compliance","description":"Ethical Principles and Social Compliance","robots":{"index":"index","follow":"follow","max-snippet":"max-snippet:-1","max-image-preview":"max-image-preview:large","max-video-preview":"max-video-preview:-1"},"canonical":"https:\/\/www.protonenerji.com.tr\/en\/ethical-principles-and-social-compliance\/","og_locale":"en_US","og_type":"article","og_title":"Ethical Principles and Social Compliance","og_description":"Ethical Principles and Social Compliance","og_url":"https:\/\/www.protonenerji.com.tr\/en\/ethical-principles-and-social-compliance\/","og_site_name":"Proton Enerji","article_publisher":"https:\/\/www.facebook.com\/search\/top?q=aydos%20asans%c3%b6r","article_modified_time":"2024-10-20T20:51:16+00:00","og_image":[{"width":1280,"height":720,"url":"https:\/\/www.protonenerji.com.tr\/wp-content\/uploads\/2024\/10\/etik-2.jpg","type":"image\/jpeg"}],"twitter_card":"summary_large_image","twitter_misc":{"Est. reading time":"2 minutes"},"schema":{"@context":"https:\/\/schema.org","@graph":[{"@type":"WebPage","@id":"https:\/\/www.protonenerji.com.tr\/en\/ethical-principles-and-social-compliance\/","url":"https:\/\/www.protonenerji.com.tr\/en\/ethical-principles-and-social-compliance\/","name":"Ethical Principles and Social Compliance","isPartOf":{"@id":"https:\/\/www.protonenerji.com.tr\/en\/#website"},"primaryImageOfPage":{"@id":"https:\/\/www.protonenerji.com.tr\/en\/ethical-principles-and-social-compliance\/#primaryimage"},"image":{"@id":"https:\/\/www.protonenerji.com.tr\/en\/ethical-principles-and-social-compliance\/#primaryimage"},"thumbnailUrl":"https:\/\/www.protonenerji.com.tr\/wp-content\/uploads\/2024\/10\/etik-2.jpg","datePublished":"2024-10-18T19:46:38+00:00","dateModified":"2024-10-20T20:51:16+00:00","description":"Ethical Principles and Social Compliance","breadcrumb":{"@id":"https:\/\/www.protonenerji.com.tr\/en\/ethical-principles-and-social-compliance\/#breadcrumb"},"inLanguage":"en-US","potentialAction":[{"@type":"ReadAction","target":["https:\/\/www.protonenerji.com.tr\/en\/ethical-principles-and-social-compliance\/"]}]},{"@type":"ImageObject","inLanguage":"en-US","@id":"https:\/\/www.protonenerji.com.tr\/en\/ethical-principles-and-social-compliance\/#primaryimage","url":"https:\/\/www.protonenerji.com.tr\/wp-content\/uploads\/2024\/10\/etik-2.jpg","contentUrl":"https:\/\/www.protonenerji.com.tr\/wp-content\/uploads\/2024\/10\/etik-2.jpg"},{"@type":"BreadcrumbList","@id":"https:\/\/www.protonenerji.com.tr\/en\/ethical-principles-and-social-compliance\/#breadcrumb","itemListElement":[{"@type":"ListItem","position":1,"name":"Anasayfa","item":"https:\/\/www.protonenerji.com.tr\/en\/"},{"@type":"ListItem","position":2,"name":"Ethical Principles and Social Compliance"}]},{"@type":"WebSite","@id":"https:\/\/www.protonenerji.com.tr\/en\/#website","url":"https:\/\/www.protonenerji.com.tr\/en\/","name":"Proton Enerji","description":"Enerji | Telekom\u00fcnikasyon | Ayd\u0131nlatma ve Ula\u015f\u0131m | Yenilenebilir Enerji","publisher":{"@id":"https:\/\/www.protonenerji.com.tr\/en\/#organization"},"potentialAction":[{"@type":"SearchAction","target":{"@type":"EntryPoint","urlTemplate":"https:\/\/www.protonenerji.com.tr\/en\/?s={search_term_string}"},"query-input":{"@type":"PropertyValueSpecification","valueRequired":true,"valueName":"search_term_string"}}],"inLanguage":"en-US"},{"@type":"Organization","@id":"https:\/\/www.protonenerji.com.tr\/en\/#organization","name":"Aydos Asans\u00f6r Montaj ve Bak\u0131m Servisi","url":"https:\/\/www.protonenerji.com.tr\/en\/","logo":{"@type":"ImageObject","inLanguage":"en-US","@id":"https:\/\/www.protonenerji.com.tr\/en\/#\/schema\/logo\/image\/","url":"https:\/\/www.protonenerji.com.tr\/wp-content\/uploads\/2021\/10\/aydos-asansor-beyaz.png","contentUrl":"https:\/\/www.protonenerji.com.tr\/wp-content\/uploads\/2021\/10\/aydos-asansor-beyaz.png","width":954,"height":319,"caption":"Aydos Asans\u00f6r Montaj ve Bak\u0131m Servisi"},"image":{"@id":"https:\/\/www.protonenerji.com.tr\/en\/#\/schema\/logo\/image\/"},"sameAs":["https:\/\/www.facebook.com\/search\/top?q=aydos asans\u00f6r"]}]}},"_links":{"self":[{"href":"https:\/\/www.protonenerji.com.tr\/en\/wp-json\/wp\/v2\/pages\/10870","targetHints":{"allow":["GET"]}}],"collection":[{"href":"https:\/\/www.protonenerji.com.tr\/en\/wp-json\/wp\/v2\/pages"}],"about":[{"href":"https:\/\/www.protonenerji.com.tr\/en\/wp-json\/wp\/v2\/types\/page"}],"author":[{"embeddable":true,"href":"https:\/\/www.protonenerji.com.tr\/en\/wp-json\/wp\/v2\/users\/1"}],"replies":[{"embeddable":true,"href":"https:\/\/www.protonenerji.com.tr\/en\/wp-json\/wp\/v2\/comments?post=10870"}],"version-history":[{"count":1,"href":"https:\/\/www.protonenerji.com.tr\/en\/wp-json\/wp\/v2\/pages\/10870\/revisions"}],"predecessor-version":[{"id":10871,"href":"https:\/\/www.protonenerji.com.tr\/en\/wp-json\/wp\/v2\/pages\/10870\/revisions\/10871"}],"wp:attachment":[{"href":"https:\/\/www.protonenerji.com.tr\/en\/wp-json\/wp\/v2\/media?parent=10870"}],"curies":[{"name":"wp","href":"https:\/\/api.w.org\/{rel}","templated":true}]}}